{"id":5314,"date":"2019-12-18T18:39:43","date_gmt":"2019-12-18T13:39:43","guid":{"rendered":"http:\/\/lrbgchemicals.com\/urea-powdered-resins\/"},"modified":"2020-04-01T09:15:42","modified_gmt":"2020-04-01T14:15:42","slug":"resinas-polvo-urea","status":"publish","type":"page","link":"https:\/\/lrbgusa.com\/es\/resinas-polvo-urea\/","title":{"rendered":"Resinas en polvo de urea"},"content":{"rendered":"<div class=\"wpb-content-wrapper\">[mk_page_section bg_image=\u00bb\/wp-content\/uploads\/urea-powdered-resin-application-opt.jpg\u00bb bg_color=\u00bb#000000&#8243; bg_position=\u00bbcenter center\u00bb bg_repeat=\u00bbno-repeat\u00bb bg_stretch=\u00bbtrue\u00bb video_opacity=\u00bb0&#8243; js_vertical_centered=\u00bbtrue\u00bb padding_top=\u00bb0&#8243; padding_bottom=\u00bb140&#8243; sidebar=\u00bbsidebar-1&#8243;][vc_column width=\u00bb5\/6&#8243;][mk_padding_divider size=\u00bb60&#8243; visibility=\u00bbvisible-sm\u00bb][mk_padding_divider size=\u00bb130&#8243; visibility=\u00bbhidden-sm\u00bb][mk_custom_box padding_horizental=\u00bb30&#8243; margin_bottom=\u00bb0&#8243; bg_color=\u00bbrgba(0,0,0,0.66)\u00bb][mk_fancy_title tag_name=\u00bbh5&#8243; color=\u00bb#ffffff\u00bb size=\u00bb24&#8243; line_height=\u00bb90&#8243; font_weight=\u00bb400&#8243; txt_transform=\u00bbuppercase\u00bb margin_bottom=\u00bb0&#8243; font_family=\u00bbMontserrat\u00bb font_type=\u00bbgoogle\u00bb]Un adhesivo de madera utilizado y probado en todo el mundo&#8230;[\/mk_fancy_title][mk_fancy_title color=\u00bb#ffffff\u00bb size=\u00bb56&#8243; force_font_size=\u00bbtrue\u00bb size_tablet=\u00bb45&#8243; size_phone=\u00bb32&#8243; line_height=\u00bb95&#8243; font_weight=\u00bbbold\u00bb txt_transform=\u00bbuppercase\u00bb margin_bottom=\u00bb0&#8243; font_family=\u00bbMontserrat\u00bb font_type=\u00bbgoogle\u00bb]<span style=\"color: #00984d;\">Resinas en polvo de urea<\/span>[\/mk_fancy_title][\/mk_custom_box][mk_padding_divider size=\u00bb70&#8243;][\/vc_column][vc_column width=\u00bb1\/6&#8243;][\/vc_column][\/mk_page_section][mk_page_section bg_image=\u00bbhttp:\/\/lrbgusa.com\/wp-content\/uploads\/bg-blue-formaldehyde-opt-resized2.jpg\u00bb bg_repeat=\u00bbno-repeat\u00bb bg_stretch=\u00bbtrue\u00bb enable_3d=\u00bbtrue\u00bb bg_gradient=\u00bbvertical\u00bb video_color_mask=\u00bbrgba(255,255,255,0)\u00bb gr_end=\u00bb#ffffff\u00bb video_opacity=\u00bb1&#8243; sidebar=\u00bbsidebar-1&#8243;][vc_column css=\u00bb.vc_custom_1576010790434{background-position: center !important;background-repeat: no-repeat !important;background-size: contain !important;}\u00bb][vc_row_inner][vc_column_inner width=\u00bb1\/3&#8243;][\/vc_column_inner][vc_column_inner width=\u00bb2\/3&#8243;][mk_padding_divider size=\u00bb120&#8243;][mk_fancy_title tag_name=\u00bbh1&#8243; color=\u00bb#0c4b90&#8243; size=\u00bb42&#8243; force_font_size=\u00bbtrue\u00bb size_tablet=\u00bb36&#8243; size_phone=\u00bb28&#8243; line_height=\u00bb95&#8243; font_weight=\u00bbbold\u00bb txt_transform=\u00bbnone\u00bb margin_bottom=\u00bb0&#8243; font_family=\u00bbMontserrat\u00bb font_type=\u00bbgoogle\u00bb]Resinas de urea de aspersi\u00f3n seca[\/mk_fancy_title][vc_column_text disable_pattern=\u00bbfalse\u00bb css=\u00bb.vc_custom_1584540851583{margin-bottom: 0px !important;}\u00bb]Las resinas de Urea en polvo de LRBG Chemicals se desarrollaron inicialmente como adhesivos para madera con alto nivel de solidez y resistencia al agua. Estas resinas pueden ser utilizadas en prensas en fr\u00edo o caliente. Su consistencia, su larga vida \u00fatil y su flexibilidad las hacen ideales para la formulaci\u00f3n de adhesivos.<\/p>\n<p>Las resinas de urea de aspersi\u00f3n seca de LRBG Chemicals cuentan con una amplia variedad de usos adhesivos tales como en madera contrachapada y conglomerado de compresi\u00f3n caliente y fr\u00eda. Empalmado de bordes y puntas de l\u00e1minas y picos fertilizadores.[\/vc_column_text][\/vc_column_inner][\/vc_row_inner][mk_padding_divider size=\u00bb60&#8243;][vc_row_inner][vc_column_inner width=\u00bb1\/2&#8243;][mk_fancy_title tag_name=\u00bbh3&#8243; color=\u00bb#0c4b90&#8243; size=\u00bb33&#8243; font_weight=\u00bb400&#8243; txt_transform=\u00bbnone\u00bb margin_bottom=\u00bb15&#8243; font_family=\u00bbMontserrat\u00bb font_type=\u00bbgoogle\u00bb]Aplicaciones:[\/mk_fancy_title][mk_custom_list style=\u00bbmk-moon-checkbox-checked-2&#8243;]\n<ul>\n<li>pegamento para talleres de madera<\/li>\n<li>pegamento para los empalmes de muebles<\/li>\n<li>pegamento para contrachapado, conglomerado y chapas<\/li>\n<li>amarrador de coque fundici\u00f3n y arena<\/li>\n<li>amarrador de fertilizantes vegetales<\/li>\n<\/ul>\n[\/mk_custom_list][\/vc_column_inner][vc_column_inner width=\u00bb1\/2&#8243;][vc_single_image image=\u00bb5124&#8243; img_size=\u00bb800&#215;600&#8243;][\/vc_column_inner][\/vc_row_inner][mk_padding_divider size=\u00bb120&#8243;][\/vc_column][\/mk_page_section][vc_row fullwidth=\u00bbtrue\u00bb fullwidth_content=\u00bbfalse\u00bb css=\u00bb.vc_custom_1576071688623{background-color: #00984d !important;}\u00bb][vc_column][mk_padding_divider size=\u00bb120&#8243;][vc_row_inner][vc_column_inner width=\u00bb1\/6&#8243;][\/vc_column_inner][vc_column_inner width=\u00bb2\/3&#8243;][mk_fancy_title color=\u00bb#ffffff\u00bb size=\u00bb42&#8243; force_font_size=\u00bbtrue\u00bb size_tablet=\u00bb36&#8243; size_phone=\u00bb28&#8243; line_height=\u00bb95&#8243; font_weight=\u00bbbold\u00bb txt_transform=\u00bbnone\u00bb margin_bottom=\u00bb0&#8243; font_family=\u00bbMontserrat\u00bb font_type=\u00bbgoogle\u00bb align=\u00bbcenter\u00bb]LRBG Chemicals resinas de urea de aspersi\u00f3n seca[\/mk_fancy_title][\/vc_column_inner][vc_column_inner width=\u00bb1\/6&#8243;][\/vc_column_inner][\/vc_row_inner][vc_row_inner][vc_column_inner][mk_table style=\u00bbstyle2&#8243;]\n<table class=\"bjm-table\" width=\"100%\">\n<thead>\n<tr>\n<th>TYPO<\/th>\n<th><strong>Descripci\u00f3n de la resina<\/strong><\/th>\n<\/tr>\n<\/thead>\n<tbody>\n<tr>\n<td>UF RW-25<\/td>\n<td>Un adhesivo n\u00edtido no catalizado (sin rellenos) y una resina pegamento adecuada para una variedad de aplicaciones. Utilizada en madera, sustancias de celulosa y fundici\u00f3n de arena. La resina se puede curar us\u00e1ndose sola o puede agregarse un catalizador para acortar el tiempo del ciclo. La cantidad del catalizador puede aumentarse para dar una curaci\u00f3n fr\u00eda.<\/td>\n<\/tr>\n<tr>\n<td>UF MW51<\/td>\n<td>Una resina sin rellenos, no catalizada, apta para aplicaciones en las que se requiere una resina de baja viscosidad y altamente reactiva. Esta resina se puede curar con la adici\u00f3n de catalizadores, o en muchos casos, la acidez del sustrato es suficiente para curar la resina. La baja viscosidad de la resina hace que sea adecuada para uso con una variedad de rellenos y expansores.<\/td>\n<\/tr>\n<tr>\n<td>UF 250-S<\/td>\n<td>Esta es una resina de Urea pre-catalizada y con relleno, lista usarse en prensa fr\u00eda. Es de uso muy popular por productores de madera contrachapada y conglomerado y se puede tambi\u00e9n utilizar para paneles, pegado de bordes y una algunos laminados decorativos. Esta resina se puede utilizar donde la visibilidad de una l\u00ednea de pegamento no es problema.<\/td>\n<\/tr>\n<tr>\n<td>UF 253<\/td>\n<td>Una mezcla lista de resina de urea pre-catalizada, n\u00edtida (sin rellenos). Utilizada en pegar paneles de madera conglomerada, de fibra y de viruta o donde se desee una ligera l\u00ednea de pegamento.<\/td>\n<\/tr>\n<\/tbody>\n<\/table>\n[\/mk_table][\/vc_column_inner][\/vc_row_inner][mk_padding_divider size=\u00bb120&#8243;][\/vc_column][\/vc_row]\n<\/div>","protected":false},"excerpt":{"rendered":"<p>[mk_page_section bg_image=\u00bb\/wp-content\/uploads\/urea-powdered-resin-application-opt.jpg\u00bb bg_color=\u00bb#000000&#8243; bg_position=\u00bbcenter center\u00bb bg_repeat=\u00bbno-repeat\u00bb bg_stretch=\u00bbtrue\u00bb video_opacity=\u00bb0&#8243; js_vertical_centered=\u00bbtrue\u00bb padding_top=\u00bb0&#8243; padding_bottom=\u00bb140&#8243; sidebar=\u00bbsidebar-1&#8243;][vc_column width=\u00bb5\/6&#8243;][mk_padding_divider size=\u00bb60&#8243; visibility=\u00bbvisible-sm\u00bb][mk_padding_divider size=\u00bb130&#8243; visibility=\u00bbhidden-sm\u00bb][mk_custom_box padding_horizental=\u00bb30&#8243; margin_bottom=\u00bb0&#8243; bg_color=\u00bbrgba(0,0,0,0.66)\u00bb][mk_fancy_title tag_name=\u00bbh5&#8243; color=\u00bb#ffffff\u00bb size=\u00bb24&#8243; line_height=\u00bb90&#8243; font_weight=\u00bb400&#8243; txt_transform=\u00bbuppercase\u00bb margin_bottom=\u00bb0&#8243; font_family=\u00bbMontserrat\u00bb font_type=\u00bbgoogle\u00bb]Un adhesivo de madera utilizado y probado en todo el mundo&#8230;[\/mk_fancy_title][mk_fancy_title color=\u00bb#ffffff\u00bb size=\u00bb56&#8243; force_font_size=\u00bbtrue\u00bb size_tablet=\u00bb45&#8243; size_phone=\u00bb32&#8243; line_height=\u00bb95&#8243; font_weight=\u00bbbold\u00bb txt_transform=\u00bbuppercase\u00bb margin_bottom=\u00bb0&#8243; font_family=\u00bbMontserrat\u00bb font_type=\u00bbgoogle\u00bb]Resinas en polvo de urea[\/mk_fancy_title][\/mk_custom_box][mk_padding_divider size=\u00bb70&#8243;][\/vc_column][vc_column [&hellip;]<\/p>\n","protected":false},"author":2,"featured_media":0,"parent":0,"menu_order":0,"comment_status":"closed","ping_status":"closed","template":"","meta":{"footnotes":""},"class_list":["post-5314","page","type-page","status-publish","hentry"],"yoast_head":"<!-- This site is optimized with the Yoast SEO plugin v27.4 - https:\/\/yoast.com\/product\/yoast-seo-wordpress\/ -->\n<title>Resinas de Urea de Aspersi\u00f3n Seca | LRBG Chemicals<\/title>\n<meta name=\"description\" content=\"Las resinas de Urea en polvo de LRBG Chemicals se desarrollaron inicialmente como adhesivos para madera con alto nivel de solidez y resistencia al agua.\" \/>\n<meta name=\"robots\" content=\"index, follow, max-snippet:-1, max-image-preview:large, max-video-preview:-1\" \/>\n<link rel=\"canonical\" href=\"https:\/\/lrbgusa.com\/es\/resinas-polvo-urea\/\" \/>\n<meta property=\"og:locale\" content=\"es_ES\" \/>\n<meta property=\"og:type\" content=\"article\" \/>\n<meta property=\"og:title\" content=\"Resinas de Urea de Aspersi\u00f3n Seca | LRBG Chemicals\" \/>\n<meta property=\"og:description\" content=\"Las resinas de Urea en polvo de LRBG Chemicals se desarrollaron inicialmente como adhesivos para madera con alto nivel de solidez y resistencia al agua.\" \/>\n<meta property=\"og:url\" content=\"https:\/\/lrbgusa.com\/es\/resinas-polvo-urea\/\" \/>\n<meta property=\"og:site_name\" content=\"LRBG Chemicals (USA) Inc.\" \/>\n<meta property=\"article:modified_time\" content=\"2020-04-01T14:15:42+00:00\" \/>\n<meta name=\"twitter:card\" content=\"summary_large_image\" \/>\n<meta name=\"twitter:label1\" content=\"Tiempo de lectura\" \/>\n\t<meta name=\"twitter:data1\" content=\"4 minutos\" \/>\n<script type=\"application\/ld+json\" class=\"yoast-schema-graph\">{\"@context\":\"https:\\\/\\\/schema.org\",\"@graph\":[{\"@type\":\"WebPage\",\"@id\":\"https:\\\/\\\/lrbgusa.com\\\/es\\\/resinas-polvo-urea\\\/\",\"url\":\"https:\\\/\\\/lrbgusa.com\\\/es\\\/resinas-polvo-urea\\\/\",\"name\":\"Resinas de Urea de Aspersi\u00f3n Seca | LRBG Chemicals\",\"isPartOf\":{\"@id\":\"https:\\\/\\\/lrbgusa.com\\\/es\\\/#website\"},\"datePublished\":\"2019-12-18T13:39:43+00:00\",\"dateModified\":\"2020-04-01T14:15:42+00:00\",\"description\":\"Las resinas de Urea en polvo de LRBG Chemicals se desarrollaron inicialmente como adhesivos para madera con alto nivel de solidez y resistencia al agua.\",\"breadcrumb\":{\"@id\":\"https:\\\/\\\/lrbgusa.com\\\/es\\\/resinas-polvo-urea\\\/#breadcrumb\"},\"inLanguage\":\"es\",\"potentialAction\":[{\"@type\":\"ReadAction\",\"target\":[\"https:\\\/\\\/lrbgusa.com\\\/es\\\/resinas-polvo-urea\\\/\"]}]},{\"@type\":\"BreadcrumbList\",\"@id\":\"https:\\\/\\\/lrbgusa.com\\\/es\\\/resinas-polvo-urea\\\/#breadcrumb\",\"itemListElement\":[{\"@type\":\"ListItem\",\"position\":1,\"name\":\"Home\",\"item\":\"https:\\\/\\\/lrbgusa.com\\\/es\\\/\"},{\"@type\":\"ListItem\",\"position\":2,\"name\":\"Resinas en polvo de urea\"}]},{\"@type\":\"WebSite\",\"@id\":\"https:\\\/\\\/lrbgusa.com\\\/es\\\/#website\",\"url\":\"https:\\\/\\\/lrbgusa.com\\\/es\\\/\",\"name\":\"LRBG Chemicals (USA) Inc.\",\"description\":\"\",\"potentialAction\":[{\"@type\":\"SearchAction\",\"target\":{\"@type\":\"EntryPoint\",\"urlTemplate\":\"https:\\\/\\\/lrbgusa.com\\\/es\\\/?s={search_term_string}\"},\"query-input\":{\"@type\":\"PropertyValueSpecification\",\"valueRequired\":true,\"valueName\":\"search_term_string\"}}],\"inLanguage\":\"es\"}]}<\/script>\n<!-- \/ Yoast SEO plugin. -->","yoast_head_json":{"title":"Resinas de Urea de Aspersi\u00f3n Seca | LRBG Chemicals","description":"Las resinas de Urea en polvo de LRBG Chemicals se desarrollaron inicialmente como adhesivos para madera con alto nivel de solidez y resistencia al agua.","robots":{"index":"index","follow":"follow","max-snippet":"max-snippet:-1","max-image-preview":"max-image-preview:large","max-video-preview":"max-video-preview:-1"},"canonical":"https:\/\/lrbgusa.com\/es\/resinas-polvo-urea\/","og_locale":"es_ES","og_type":"article","og_title":"Resinas de Urea de Aspersi\u00f3n Seca | LRBG Chemicals","og_description":"Las resinas de Urea en polvo de LRBG Chemicals se desarrollaron inicialmente como adhesivos para madera con alto nivel de solidez y resistencia al agua.","og_url":"https:\/\/lrbgusa.com\/es\/resinas-polvo-urea\/","og_site_name":"LRBG Chemicals (USA) Inc.","article_modified_time":"2020-04-01T14:15:42+00:00","twitter_card":"summary_large_image","twitter_misc":{"Tiempo de lectura":"4 minutos"},"schema":{"@context":"https:\/\/schema.org","@graph":[{"@type":"WebPage","@id":"https:\/\/lrbgusa.com\/es\/resinas-polvo-urea\/","url":"https:\/\/lrbgusa.com\/es\/resinas-polvo-urea\/","name":"Resinas de Urea de Aspersi\u00f3n Seca | LRBG Chemicals","isPartOf":{"@id":"https:\/\/lrbgusa.com\/es\/#website"},"datePublished":"2019-12-18T13:39:43+00:00","dateModified":"2020-04-01T14:15:42+00:00","description":"Las resinas de Urea en polvo de LRBG Chemicals se desarrollaron inicialmente como adhesivos para madera con alto nivel de solidez y resistencia al agua.","breadcrumb":{"@id":"https:\/\/lrbgusa.com\/es\/resinas-polvo-urea\/#breadcrumb"},"inLanguage":"es","potentialAction":[{"@type":"ReadAction","target":["https:\/\/lrbgusa.com\/es\/resinas-polvo-urea\/"]}]},{"@type":"BreadcrumbList","@id":"https:\/\/lrbgusa.com\/es\/resinas-polvo-urea\/#breadcrumb","itemListElement":[{"@type":"ListItem","position":1,"name":"Home","item":"https:\/\/lrbgusa.com\/es\/"},{"@type":"ListItem","position":2,"name":"Resinas en polvo de urea"}]},{"@type":"WebSite","@id":"https:\/\/lrbgusa.com\/es\/#website","url":"https:\/\/lrbgusa.com\/es\/","name":"LRBG Chemicals (USA) Inc.","description":"","potentialAction":[{"@type":"SearchAction","target":{"@type":"EntryPoint","urlTemplate":"https:\/\/lrbgusa.com\/es\/?s={search_term_string}"},"query-input":{"@type":"PropertyValueSpecification","valueRequired":true,"valueName":"search_term_string"}}],"inLanguage":"es"}]}},"_links":{"self":[{"href":"https:\/\/lrbgusa.com\/es\/wp-json\/wp\/v2\/pages\/5314","targetHints":{"allow":["GET"]}}],"collection":[{"href":"https:\/\/lrbgusa.com\/es\/wp-json\/wp\/v2\/pages"}],"about":[{"href":"https:\/\/lrbgusa.com\/es\/wp-json\/wp\/v2\/types\/page"}],"author":[{"embeddable":true,"href":"https:\/\/lrbgusa.com\/es\/wp-json\/wp\/v2\/users\/2"}],"replies":[{"embeddable":true,"href":"https:\/\/lrbgusa.com\/es\/wp-json\/wp\/v2\/comments?post=5314"}],"version-history":[{"count":5,"href":"https:\/\/lrbgusa.com\/es\/wp-json\/wp\/v2\/pages\/5314\/revisions"}],"predecessor-version":[{"id":5484,"href":"https:\/\/lrbgusa.com\/es\/wp-json\/wp\/v2\/pages\/5314\/revisions\/5484"}],"wp:attachment":[{"href":"https:\/\/lrbgusa.com\/es\/wp-json\/wp\/v2\/media?parent=5314"}],"curies":[{"name":"wp","href":"https:\/\/api.w.org\/{rel}","templated":true}]}}