{"id":5787,"date":"2020-02-06T00:40:16","date_gmt":"2020-02-05T19:40:16","guid":{"rendered":"https:\/\/lrbgchemicals.com\/intumescent-paint\/"},"modified":"2021-03-30T11:13:40","modified_gmt":"2021-03-30T16:13:40","slug":"peinture-intumescente","status":"publish","type":"page","link":"https:\/\/lrbgusa.com\/fr\/peinture-intumescente\/","title":{"rendered":"Peinture intumescente"},"content":{"rendered":"<div class=\"wpb-content-wrapper\">[mk_page_section bg_image=\u00a0\u00bbhttp:\/\/lrbgusa.com\/wp-content\/uploads\/intumescent-coating-opt.jpg\u00a0\u00bb bg_color=\u00a0\u00bb#000000&Prime; bg_repeat=\u00a0\u00bbno-repeat\u00a0\u00bb bg_stretch=\u00a0\u00bbtrue\u00a0\u00bb video_opacity=\u00a0\u00bb0&Prime; js_vertical_centered=\u00a0\u00bbtrue\u00a0\u00bb padding_top=\u00a0\u00bb0&Prime; padding_bottom=\u00a0\u00bb140&Prime; sidebar=\u00a0\u00bbsidebar-1&Prime;][vc_column width=\u00a0\u00bb5\/6&Prime;][mk_padding_divider size=\u00a0\u00bb60&Prime; visibility=\u00a0\u00bbvisible-sm\u00a0\u00bb][mk_padding_divider size=\u00a0\u00bb130&Prime; visibility=\u00a0\u00bbhidden-sm\u00a0\u00bb][mk_custom_box padding_horizental=\u00a0\u00bb30&Prime; margin_bottom=\u00a0\u00bb0&Prime; bg_color=\u00a0\u00bbrgba(0,0,0,0.66)\u00a0\u00bb][mk_fancy_title tag_name=\u00a0\u00bbh5&Prime; color=\u00a0\u00bb#ffffff\u00a0\u00bb size=\u00a0\u00bb24&Prime; line_height=\u00a0\u00bb99&Prime; font_weight=\u00a0\u00bb400&Prime; txt_transform=\u00a0\u00bbuppercase\u00a0\u00bb margin_bottom=\u00a0\u00bb0&Prime; font_family=\u00a0\u00bbMontserrat\u00a0\u00bb font_type=\u00a0\u00bbgoogle\u00a0\u00bb]Isolation exceptionnelle et r\u00e9sistance au feu[\/mk_fancy_title][mk_fancy_title color=\u00a0\u00bb#ffffff\u00a0\u00bb size=\u00a0\u00bb56&Prime; force_font_size=\u00a0\u00bbtrue\u00a0\u00bb size_tablet=\u00a0\u00bb45&Prime; size_phone=\u00a0\u00bb32&Prime; line_height=\u00a0\u00bb99&Prime; font_weight=\u00a0\u00bbbold\u00a0\u00bb txt_transform=\u00a0\u00bbuppercase\u00a0\u00bb margin_bottom=\u00a0\u00bb0&Prime; font_family=\u00a0\u00bbMontserrat\u00a0\u00bb font_type=\u00a0\u00bbgoogle\u00a0\u00bb drop_shadow=\u00a0\u00bbtrue\u00a0\u00bb shadow_angle=\u00a0\u00bb0&Prime; shadow_distance=\u00a0\u00bb0&Prime; shadow_color=\u00a0\u00bb#00245e\u00a0\u00bb]<span style=\"color: #00984d; display: inline-block;\">Peinture intumescente<\/span>[\/mk_fancy_title][mk_button dimension=\u00a0\u00bbflat\u00a0\u00bb size=\u00a0\u00bblarge\u00a0\u00bb url=\u00a0\u00bb\/fr\/nous-joindre\/\u00a0\u00bb bg_color=\u00a0\u00bb#00984d\u00a0\u00bb btn_hover_bg=\u00a0\u00bb#ffffff\u00a0\u00bb btn_hover_txt_color=\u00a0\u00bb#00984d\u00a0\u00bb]Demandez un devis[\/mk_button][\/mk_custom_box][mk_padding_divider size=\u00a0\u00bb70&Prime;][\/vc_column][vc_column width=\u00a0\u00bb1\/6&Prime;][\/vc_column][\/mk_page_section][mk_page_section bg_image=\u00a0\u00bbhttp:\/\/lrbgusa.com\/wp-content\/uploads\/bg-blue-formaldehyde-opt-resized2.jpg\u00a0\u00bb bg_repeat=\u00a0\u00bbno-repeat\u00a0\u00bb bg_stretch=\u00a0\u00bbtrue\u00a0\u00bb enable_3d=\u00a0\u00bbtrue\u00a0\u00bb bg_gradient=\u00a0\u00bbvertical\u00a0\u00bb video_color_mask=\u00a0\u00bbrgba(255,255,255,0)\u00a0\u00bb gr_end=\u00a0\u00bb#ffffff\u00a0\u00bb video_opacity=\u00a0\u00bb1&Prime; sidebar=\u00a0\u00bbsidebar-1&Prime;][vc_column css=\u00a0\u00bb.vc_custom_1576010790434{background-position: center !important;background-repeat: no-repeat !important;background-size: contain !important;}\u00a0\u00bb][vc_row_inner][vc_column_inner width=\u00a0\u00bb1\/3&Prime;][\/vc_column_inner][vc_column_inner width=\u00a0\u00bb2\/3&Prime;][mk_padding_divider size=\u00a0\u00bb120&Prime;][mk_fancy_title tag_name=\u00a0\u00bbh1&Prime; color=\u00a0\u00bb#0c4b90&Prime; size=\u00a0\u00bb42&Prime; force_font_size=\u00a0\u00bbtrue\u00a0\u00bb size_tablet=\u00a0\u00bb36&Prime; size_phone=\u00a0\u00bb28&Prime; line_height=\u00a0\u00bb99&Prime; font_weight=\u00a0\u00bbbold\u00a0\u00bb txt_transform=\u00a0\u00bbnone\u00a0\u00bb margin_bottom=\u00a0\u00bb0&Prime; font_family=\u00a0\u00bbMontserrat\u00a0\u00bb font_type=\u00a0\u00bbgoogle\u00a0\u00bb]La peinture intumescente assure des conditions s\u00e9curitaires, id\u00e9ales pour vos produits[\/mk_fancy_title][vc_column_text disable_pattern=\u00a0\u00bbfalse\u00a0\u00bb css=\u00a0\u00bb.vc_custom_1616810889102{margin-bottom: 0px !important;}\u00a0\u00bb]La peinture intumescente est un appr\u00eat \u00e9cologique \u00e0 base d&rsquo;eau, facile \u00e0 appliquer au pinceau, au rouleau ou par pulv\u00e9risation.<\/p>\n<p>Agr\u00e9able sur le plan esth\u00e9tique, elle peut \u00eatre pigment\u00e9e de n&rsquo;importe quelle couleur. Elle est r\u00e9sistante, offre une finition polyur\u00e9thane durable et de haute qualit\u00e9, \u00e0 faible odeur. Elle s\u00e8che rapidement, r\u00e9siste au lavage et est facile \u00e0 appliquer.<\/p>\n<p>De plus, notre peinture intumescente ne p\u00e8le pas, ne fissure pas et ne s&rsquo;\u00e9caille pas; elle se nettoie \u00e0 l&rsquo;eau, pour moins de d\u00e9g\u00e2ts.<\/p>\n<p>Cette peinture adh\u00e8re tr\u00e8s bien au bois, au bois d&rsquo;ing\u00e9nierie et au gypse, et pr\u00e9sente des caract\u00e9ristiques int\u00e9ressantes lorsqu\u2019elle est expos\u00e9e au feu.[\/vc_column_text][mk_custom_list]\n<ul>\n<li>Elle s\u2019\u00e9paissit jusqu&rsquo;\u00e0 plusieurs fois par rapport \u00e0 son \u00e9paisseur initiale pour cr\u00e9er une couche protectrice carbonis\u00e9e;<\/li>\n<li>Elle isole les substrats combustibles et fait d\u00e9vier la chaleur loin de ceux-ci<\/li>\n<li>Elle ne br\u00fble pas et ne favorise pas la combustion<\/li>\n<li>Elle emp\u00eache les flammes de se propager<\/li>\n<li>Elle produit peu de fum\u00e9e<\/li>\n<li>Elle r\u00e9duit l\u2019intensit\u00e9 du feu en cr\u00e9ant une barri\u00e8re de protection qui pr\u00e9vient le contact avec le carburant<\/li>\n<li>Elle prot\u00e8ge les substrats enduits en offrant une isolation exceptionnelle<\/li>\n<\/ul>\n[\/mk_custom_list][\/vc_column_inner][\/vc_row_inner][mk_padding_divider size=\u00a0\u00bb90&Prime;][\/vc_column][\/mk_page_section][mk_page_section bg_image=\u00a0\u00bbhttp:\/\/lrbgusa.com\/wp-content\/uploads\/molecules-opt.jpg\u00a0\u00bb bg_position=\u00a0\u00bbcenter center\u00a0\u00bb bg_repeat=\u00a0\u00bbno-repeat\u00a0\u00bb bg_stretch=\u00a0\u00bbtrue\u00a0\u00bb video_color_mask=\u00a0\u00bb#0c4b90&Prime; video_opacity=\u00a0\u00bb0.42&Prime; sidebar=\u00a0\u00bbsidebar-1&Prime;][vc_column][mk_padding_divider size=\u00a0\u00bb120&Prime;][vc_row_inner][vc_column_inner width=\u00a0\u00bb3\/4&Prime;][mk_fancy_title color=\u00a0\u00bb#ffffff\u00a0\u00bb size=\u00a0\u00bb42&Prime; force_font_size=\u00a0\u00bbtrue\u00a0\u00bb size_tablet=\u00a0\u00bb36&Prime; size_phone=\u00a0\u00bb28&Prime; line_height=\u00a0\u00bb99&Prime; font_weight=\u00a0\u00bbbold\u00a0\u00bb txt_transform=\u00a0\u00bbnone\u00a0\u00bb margin_top=\u00a0\u00bb10&Prime; margin_bottom=\u00a0\u00bb0&Prime; font_family=\u00a0\u00bbMontserrat\u00a0\u00bb font_type=\u00a0\u00bbgoogle\u00a0\u00bb]Vous \u00eates int\u00e9ress\u00e9 ou avez des questions?[\/mk_fancy_title][\/vc_column_inner][vc_column_inner width=\u00a0\u00bb1\/4&Prime;][mk_button dimension=\u00a0\u00bbflat\u00a0\u00bb size=\u00a0\u00bbx-large\u00a0\u00bb url=\u00a0\u00bb\/fr\/nous-joindre\/\u00a0\u00bb align=\u00a0\u00bbright\u00a0\u00bb bg_color=\u00a0\u00bb#00984d\u00a0\u00bb btn_hover_bg=\u00a0\u00bb#ffffff\u00a0\u00bb btn_hover_txt_color=\u00a0\u00bb#00984d\u00a0\u00bb]Parlons-en[\/mk_button][\/vc_column_inner][\/vc_row_inner][mk_padding_divider size=\u00a0\u00bb120&Prime; visibility=\u00a0\u00bbhidden-sm\u00a0\u00bb][\/vc_column][\/mk_page_section]\n<\/div>","protected":false},"excerpt":{"rendered":"<p>[mk_page_section bg_image=\u00a0\u00bbhttp:\/\/lrbgusa.com\/wp-content\/uploads\/intumescent-coating-opt.jpg\u00a0\u00bb bg_color=\u00a0\u00bb#000000&Prime; bg_repeat=\u00a0\u00bbno-repeat\u00a0\u00bb bg_stretch=\u00a0\u00bbtrue\u00a0\u00bb video_opacity=\u00a0\u00bb0&Prime; js_vertical_centered=\u00a0\u00bbtrue\u00a0\u00bb padding_top=\u00a0\u00bb0&Prime; padding_bottom=\u00a0\u00bb140&Prime; sidebar=\u00a0\u00bbsidebar-1&Prime;][vc_column width=\u00a0\u00bb5\/6&Prime;][mk_padding_divider size=\u00a0\u00bb60&Prime; visibility=\u00a0\u00bbvisible-sm\u00a0\u00bb][mk_padding_divider size=\u00a0\u00bb130&Prime; visibility=\u00a0\u00bbhidden-sm\u00a0\u00bb][mk_custom_box padding_horizental=\u00a0\u00bb30&Prime; margin_bottom=\u00a0\u00bb0&Prime; bg_color=\u00a0\u00bbrgba(0,0,0,0.66)\u00a0\u00bb][mk_fancy_title tag_name=\u00a0\u00bbh5&Prime; color=\u00a0\u00bb#ffffff\u00a0\u00bb size=\u00a0\u00bb24&Prime; line_height=\u00a0\u00bb99&Prime; font_weight=\u00a0\u00bb400&Prime; txt_transform=\u00a0\u00bbuppercase\u00a0\u00bb margin_bottom=\u00a0\u00bb0&Prime; font_family=\u00a0\u00bbMontserrat\u00a0\u00bb font_type=\u00a0\u00bbgoogle\u00a0\u00bb]Isolation exceptionnelle et r\u00e9sistance au feu[\/mk_fancy_title][mk_fancy_title color=\u00a0\u00bb#ffffff\u00a0\u00bb size=\u00a0\u00bb56&Prime; force_font_size=\u00a0\u00bbtrue\u00a0\u00bb size_tablet=\u00a0\u00bb45&Prime; size_phone=\u00a0\u00bb32&Prime; line_height=\u00a0\u00bb99&Prime; font_weight=\u00a0\u00bbbold\u00a0\u00bb txt_transform=\u00a0\u00bbuppercase\u00a0\u00bb margin_bottom=\u00a0\u00bb0&Prime; font_family=\u00a0\u00bbMontserrat\u00a0\u00bb font_type=\u00a0\u00bbgoogle\u00a0\u00bb drop_shadow=\u00a0\u00bbtrue\u00a0\u00bb shadow_angle=\u00a0\u00bb0&Prime; shadow_distance=\u00a0\u00bb0&Prime; shadow_color=\u00a0\u00bb#00245e\u00a0\u00bb]Peinture intumescente[\/mk_fancy_title][mk_button dimension=\u00a0\u00bbflat\u00a0\u00bb size=\u00a0\u00bblarge\u00a0\u00bb url=\u00a0\u00bb\/fr\/nous-joindre\/\u00a0\u00bb bg_color=\u00a0\u00bb#00984d\u00a0\u00bb btn_hover_bg=\u00a0\u00bb#ffffff\u00a0\u00bb btn_hover_txt_color=\u00a0\u00bb#00984d\u00a0\u00bb]Demandez un [&hellip;]<\/p>\n","protected":false},"author":1,"featured_media":0,"parent":0,"menu_order":0,"comment_status":"closed","ping_status":"closed","template":"","meta":{"footnotes":""},"class_list":["post-5787","page","type-page","status-publish","hentry"],"yoast_head":"<!-- This site is optimized with the Yoast SEO plugin v27.3 - https:\/\/yoast.com\/product\/yoast-seo-wordpress\/ -->\n<title>Peinture intumescente | LRBG Chimie<\/title>\n<meta name=\"description\" content=\"La peinture intumescente est facile \u00e0 appliquer, r\u00e9sistante et durable. Elle fait d\u00e9vier la chaleur, \u00e9vite que les flammes se propagent et adh\u00e8re au bois, au bois d&#039;ing\u00e9nierie et au gypse.\" \/>\n<meta name=\"robots\" content=\"index, follow, max-snippet:-1, max-image-preview:large, max-video-preview:-1\" \/>\n<link rel=\"canonical\" href=\"https:\/\/lrbgusa.com\/fr\/peinture-intumescente\/\" \/>\n<meta property=\"og:locale\" content=\"fr_CA\" \/>\n<meta property=\"og:type\" content=\"article\" \/>\n<meta property=\"og:title\" content=\"Peinture intumescente | LRBG Chimie\" \/>\n<meta property=\"og:description\" content=\"La peinture intumescente est facile \u00e0 appliquer, r\u00e9sistante et durable. Elle fait d\u00e9vier la chaleur, \u00e9vite que les flammes se propagent et adh\u00e8re au bois, au bois d&#039;ing\u00e9nierie et au gypse.\" \/>\n<meta property=\"og:url\" content=\"https:\/\/lrbgusa.com\/fr\/peinture-intumescente\/\" \/>\n<meta property=\"og:site_name\" content=\"LRBG Chemicals (USA) Inc.\" \/>\n<meta property=\"article:modified_time\" content=\"2021-03-30T16:13:40+00:00\" \/>\n<meta name=\"twitter:card\" content=\"summary_large_image\" \/>\n<meta name=\"twitter:label1\" content=\"Estimation du temps de lecture\" \/>\n\t<meta name=\"twitter:data1\" content=\"2 minutes\" \/>\n<script type=\"application\/ld+json\" class=\"yoast-schema-graph\">{\"@context\":\"https:\\\/\\\/schema.org\",\"@graph\":[{\"@type\":\"WebPage\",\"@id\":\"https:\\\/\\\/lrbgusa.com\\\/fr\\\/peinture-intumescente\\\/\",\"url\":\"https:\\\/\\\/lrbgusa.com\\\/fr\\\/peinture-intumescente\\\/\",\"name\":\"Peinture intumescente | LRBG Chimie\",\"isPartOf\":{\"@id\":\"https:\\\/\\\/lrbgusa.com\\\/fr\\\/#website\"},\"datePublished\":\"2020-02-05T19:40:16+00:00\",\"dateModified\":\"2021-03-30T16:13:40+00:00\",\"description\":\"La peinture intumescente est facile \u00e0 appliquer, r\u00e9sistante et durable. Elle fait d\u00e9vier la chaleur, \u00e9vite que les flammes se propagent et adh\u00e8re au bois, au bois d'ing\u00e9nierie et au gypse.\",\"breadcrumb\":{\"@id\":\"https:\\\/\\\/lrbgusa.com\\\/fr\\\/peinture-intumescente\\\/#breadcrumb\"},\"inLanguage\":\"fr-CA\",\"potentialAction\":[{\"@type\":\"ReadAction\",\"target\":[\"https:\\\/\\\/lrbgusa.com\\\/fr\\\/peinture-intumescente\\\/\"]}]},{\"@type\":\"BreadcrumbList\",\"@id\":\"https:\\\/\\\/lrbgusa.com\\\/fr\\\/peinture-intumescente\\\/#breadcrumb\",\"itemListElement\":[{\"@type\":\"ListItem\",\"position\":1,\"name\":\"Home\",\"item\":\"https:\\\/\\\/lrbgusa.com\\\/fr\\\/\"},{\"@type\":\"ListItem\",\"position\":2,\"name\":\"Peinture intumescente\"}]},{\"@type\":\"WebSite\",\"@id\":\"https:\\\/\\\/lrbgusa.com\\\/fr\\\/#website\",\"url\":\"https:\\\/\\\/lrbgusa.com\\\/fr\\\/\",\"name\":\"LRBG Chemicals (USA) Inc.\",\"description\":\"\",\"potentialAction\":[{\"@type\":\"SearchAction\",\"target\":{\"@type\":\"EntryPoint\",\"urlTemplate\":\"https:\\\/\\\/lrbgusa.com\\\/fr\\\/?s={search_term_string}\"},\"query-input\":{\"@type\":\"PropertyValueSpecification\",\"valueRequired\":true,\"valueName\":\"search_term_string\"}}],\"inLanguage\":\"fr-CA\"}]}<\/script>\n<!-- \/ Yoast SEO plugin. -->","yoast_head_json":{"title":"Peinture intumescente | LRBG Chimie","description":"La peinture intumescente est facile \u00e0 appliquer, r\u00e9sistante et durable. Elle fait d\u00e9vier la chaleur, \u00e9vite que les flammes se propagent et adh\u00e8re au bois, au bois d'ing\u00e9nierie et au gypse.","robots":{"index":"index","follow":"follow","max-snippet":"max-snippet:-1","max-image-preview":"max-image-preview:large","max-video-preview":"max-video-preview:-1"},"canonical":"https:\/\/lrbgusa.com\/fr\/peinture-intumescente\/","og_locale":"fr_CA","og_type":"article","og_title":"Peinture intumescente | LRBG Chimie","og_description":"La peinture intumescente est facile \u00e0 appliquer, r\u00e9sistante et durable. Elle fait d\u00e9vier la chaleur, \u00e9vite que les flammes se propagent et adh\u00e8re au bois, au bois d'ing\u00e9nierie et au gypse.","og_url":"https:\/\/lrbgusa.com\/fr\/peinture-intumescente\/","og_site_name":"LRBG Chemicals (USA) Inc.","article_modified_time":"2021-03-30T16:13:40+00:00","twitter_card":"summary_large_image","twitter_misc":{"Estimation du temps de lecture":"2 minutes"},"schema":{"@context":"https:\/\/schema.org","@graph":[{"@type":"WebPage","@id":"https:\/\/lrbgusa.com\/fr\/peinture-intumescente\/","url":"https:\/\/lrbgusa.com\/fr\/peinture-intumescente\/","name":"Peinture intumescente | LRBG Chimie","isPartOf":{"@id":"https:\/\/lrbgusa.com\/fr\/#website"},"datePublished":"2020-02-05T19:40:16+00:00","dateModified":"2021-03-30T16:13:40+00:00","description":"La peinture intumescente est facile \u00e0 appliquer, r\u00e9sistante et durable. Elle fait d\u00e9vier la chaleur, \u00e9vite que les flammes se propagent et adh\u00e8re au bois, au bois d'ing\u00e9nierie et au gypse.","breadcrumb":{"@id":"https:\/\/lrbgusa.com\/fr\/peinture-intumescente\/#breadcrumb"},"inLanguage":"fr-CA","potentialAction":[{"@type":"ReadAction","target":["https:\/\/lrbgusa.com\/fr\/peinture-intumescente\/"]}]},{"@type":"BreadcrumbList","@id":"https:\/\/lrbgusa.com\/fr\/peinture-intumescente\/#breadcrumb","itemListElement":[{"@type":"ListItem","position":1,"name":"Home","item":"https:\/\/lrbgusa.com\/fr\/"},{"@type":"ListItem","position":2,"name":"Peinture intumescente"}]},{"@type":"WebSite","@id":"https:\/\/lrbgusa.com\/fr\/#website","url":"https:\/\/lrbgusa.com\/fr\/","name":"LRBG Chemicals (USA) Inc.","description":"","potentialAction":[{"@type":"SearchAction","target":{"@type":"EntryPoint","urlTemplate":"https:\/\/lrbgusa.com\/fr\/?s={search_term_string}"},"query-input":{"@type":"PropertyValueSpecification","valueRequired":true,"valueName":"search_term_string"}}],"inLanguage":"fr-CA"}]}},"_links":{"self":[{"href":"https:\/\/lrbgusa.com\/fr\/wp-json\/wp\/v2\/pages\/5787","targetHints":{"allow":["GET"]}}],"collection":[{"href":"https:\/\/lrbgusa.com\/fr\/wp-json\/wp\/v2\/pages"}],"about":[{"href":"https:\/\/lrbgusa.com\/fr\/wp-json\/wp\/v2\/types\/page"}],"author":[{"embeddable":true,"href":"https:\/\/lrbgusa.com\/fr\/wp-json\/wp\/v2\/users\/1"}],"replies":[{"embeddable":true,"href":"https:\/\/lrbgusa.com\/fr\/wp-json\/wp\/v2\/comments?post=5787"}],"version-history":[{"count":3,"href":"https:\/\/lrbgusa.com\/fr\/wp-json\/wp\/v2\/pages\/5787\/revisions"}],"predecessor-version":[{"id":5941,"href":"https:\/\/lrbgusa.com\/fr\/wp-json\/wp\/v2\/pages\/5787\/revisions\/5941"}],"wp:attachment":[{"href":"https:\/\/lrbgusa.com\/fr\/wp-json\/wp\/v2\/media?parent=5787"}],"curies":[{"name":"wp","href":"https:\/\/api.w.org\/{rel}","templated":true}]}}