{"id":5792,"date":"2020-02-06T00:35:15","date_gmt":"2020-02-05T19:35:15","guid":{"rendered":"https:\/\/lrbgchemicals.com\/melamine-crystal\/"},"modified":"2021-03-30T10:55:56","modified_gmt":"2021-03-30T15:55:56","slug":"cristaux-melamine","status":"publish","type":"page","link":"https:\/\/lrbgusa.com\/fr\/cristaux-melamine\/","title":{"rendered":"Cristaux de m\u00e9lamine"},"content":{"rendered":"<div class=\"wpb-content-wrapper\">[mk_page_section bg_image=\u00a0\u00bbhttp:\/\/lrbgusa.com\/wp-content\/uploads\/molecules-opt.jpg\u00a0\u00bb bg_color=\u00a0\u00bb#000000&Prime; bg_position=\u00a0\u00bbcenter center\u00a0\u00bb bg_repeat=\u00a0\u00bbno-repeat\u00a0\u00bb bg_stretch=\u00a0\u00bbtrue\u00a0\u00bb video_color_mask=\u00a0\u00bb#073170&Prime; video_opacity=\u00a0\u00bb0.5&Prime; js_vertical_centered=\u00a0\u00bbtrue\u00a0\u00bb padding_top=\u00a0\u00bb0&Prime; padding_bottom=\u00a0\u00bb140&Prime; sidebar=\u00a0\u00bbsidebar-1&Prime;][vc_column width=\u00a0\u00bb5\/6&Prime;][mk_padding_divider size=\u00a0\u00bb60&Prime; visibility=\u00a0\u00bbvisible-sm\u00a0\u00bb][mk_padding_divider size=\u00a0\u00bb130&Prime; visibility=\u00a0\u00bbhidden-sm\u00a0\u00bb][mk_fancy_title color=\u00a0\u00bb#ffffff\u00a0\u00bb size=\u00a0\u00bb56&Prime; force_font_size=\u00a0\u00bbtrue\u00a0\u00bb size_tablet=\u00a0\u00bb45&Prime; size_phone=\u00a0\u00bb32&Prime; line_height=\u00a0\u00bb99&Prime; font_weight=\u00a0\u00bbbold\u00a0\u00bb txt_transform=\u00a0\u00bbuppercase\u00a0\u00bb margin_bottom=\u00a0\u00bb0&Prime; font_family=\u00a0\u00bbMontserrat\u00a0\u00bb font_type=\u00a0\u00bbgoogle\u00a0\u00bb drop_shadow=\u00a0\u00bbtrue\u00a0\u00bb shadow_angle=\u00a0\u00bb0&Prime; shadow_distance=\u00a0\u00bb0&Prime; shadow_color=\u00a0\u00bb#00245e\u00a0\u00bb]Besoin d&rsquo;un emballage sur mesure de <span style=\"color: #00984d; display: inline-block;\">cristaux de m\u00e9lamine?<\/span>[\/mk_fancy_title][mk_fancy_title tag_name=\u00a0\u00bbspan\u00a0\u00bb color=\u00a0\u00bb#ffffff\u00a0\u00bb size=\u00a0\u00bb20&Prime; font_weight=\u00a0\u00bb400&Prime; txt_transform=\u00a0\u00bbnone\u00a0\u00bb margin_bottom=\u00a0\u00bb0&Prime; font_family=\u00a0\u00bbMontserrat\u00a0\u00bb font_type=\u00a0\u00bbgoogle\u00a0\u00bb]Nous emballons ce dont vous avez besoin, en format id\u00e9al, sans d\u00e9lai.[\/mk_fancy_title][mk_button dimension=\u00a0\u00bbflat\u00a0\u00bb size=\u00a0\u00bblarge\u00a0\u00bb url=\u00a0\u00bb\/fr\/nous-joindre\/\u00a0\u00bb bg_color=\u00a0\u00bb#00984d\u00a0\u00bb btn_hover_bg=\u00a0\u00bb#ffffff\u00a0\u00bb btn_hover_txt_color=\u00a0\u00bb#00984d\u00a0\u00bb]Commandez ce dont vous avez besoin[\/mk_button][mk_padding_divider size=\u00a0\u00bb70&Prime;][\/vc_column][vc_column width=\u00a0\u00bb1\/6&Prime;][\/vc_column][\/mk_page_section][mk_page_section bg_image=\u00a0\u00bbhttp:\/\/lrbgusa.com\/wp-content\/uploads\/bg-blue-formaldehyde-opt-resized2.jpg\u00a0\u00bb bg_repeat=\u00a0\u00bbno-repeat\u00a0\u00bb bg_stretch=\u00a0\u00bbtrue\u00a0\u00bb enable_3d=\u00a0\u00bbtrue\u00a0\u00bb bg_gradient=\u00a0\u00bbvertical\u00a0\u00bb video_color_mask=\u00a0\u00bbrgba(255,255,255,0)\u00a0\u00bb gr_end=\u00a0\u00bb#ffffff\u00a0\u00bb video_opacity=\u00a0\u00bb1&Prime; sidebar=\u00a0\u00bbsidebar-1&Prime;][vc_column css=\u00a0\u00bb.vc_custom_1576010790434{background-position: center !important;background-repeat: no-repeat !important;background-size: contain !important;}\u00a0\u00bb][vc_row_inner][vc_column_inner width=\u00a0\u00bb1\/3&Prime;][\/vc_column_inner][vc_column_inner width=\u00a0\u00bb2\/3&Prime;][mk_padding_divider size=\u00a0\u00bb120&Prime;][mk_fancy_title tag_name=\u00a0\u00bbh1&Prime; color=\u00a0\u00bb#0c4b90&Prime; size=\u00a0\u00bb42&Prime; force_font_size=\u00a0\u00bbtrue\u00a0\u00bb size_tablet=\u00a0\u00bb36&Prime; size_phone=\u00a0\u00bb28&Prime; line_height=\u00a0\u00bb99&Prime; font_weight=\u00a0\u00bbbold\u00a0\u00bb txt_transform=\u00a0\u00bbnone\u00a0\u00bb margin_bottom=\u00a0\u00bb0&Prime; font_family=\u00a0\u00bbMontserrat\u00a0\u00bb font_type=\u00a0\u00bbgoogle\u00a0\u00bb]Cristaux de m\u00e9lamine dans une grande vari\u00e9t\u00e9 d\u2019emballages, adapt\u00e9s \u00e0 vos proc\u00e9d\u00e9s[\/mk_fancy_title][vc_column_text disable_pattern=\u00a0\u00bbfalse\u00a0\u00bb css=\u00a0\u00bb.vc_custom_1616810747918{margin-bottom: 0px !important;}\u00a0\u00bb]Gr\u00e2ce \u00e0 nous, vous avez acc\u00e8s \u00e0 des cristaux de m\u00e9lamine qui peuvent \u00eatre emball\u00e9s en fonction de vos proc\u00e9d\u00e9s.<\/p>\n<p>Sp\u00e9cialis\u00e9s dans les commandes de moins d&rsquo;un camion, nous exp\u00e9dions toujours le plus rapidement possible.<\/p>\n<p><span style=\"font-weight: 400;\">La plupart des fournisseurs de m\u00e9lamine exp\u00e9dient uniquement des conteneurs pleins comme quantit\u00e9s minimales. Nous pouvons r\u00e9pondre \u00e0 vos besoins en m\u00e9lamine sans exiger une prime extr\u00eame pour les commandes de petites quantit\u00e9s.<\/span>[\/vc_column_text][\/vc_column_inner][\/vc_row_inner][mk_padding_divider size=\u00a0\u00bb90&Prime;][\/vc_column][\/mk_page_section][mk_page_section bg_image=\u00a0\u00bbhttp:\/\/lrbgusa.com\/wp-content\/uploads\/molecules-opt.jpg\u00a0\u00bb bg_position=\u00a0\u00bbcenter center\u00a0\u00bb bg_repeat=\u00a0\u00bbno-repeat\u00a0\u00bb bg_stretch=\u00a0\u00bbtrue\u00a0\u00bb video_color_mask=\u00a0\u00bb#0c4b90&Prime; video_opacity=\u00a0\u00bb0.42&Prime; sidebar=\u00a0\u00bbsidebar-1&Prime;][vc_column][mk_padding_divider size=\u00a0\u00bb120&Prime;][vc_row_inner][vc_column_inner width=\u00a0\u00bb3\/4&Prime;][mk_fancy_title color=\u00a0\u00bb#ffffff\u00a0\u00bb size=\u00a0\u00bb42&Prime; force_font_size=\u00a0\u00bbtrue\u00a0\u00bb size_tablet=\u00a0\u00bb36&Prime; size_phone=\u00a0\u00bb28&Prime; line_height=\u00a0\u00bb99&Prime; font_weight=\u00a0\u00bbbold\u00a0\u00bb txt_transform=\u00a0\u00bbnone\u00a0\u00bb margin_top=\u00a0\u00bb10&Prime; margin_bottom=\u00a0\u00bb0&Prime; font_family=\u00a0\u00bbMontserrat\u00a0\u00bb font_type=\u00a0\u00bbgoogle\u00a0\u00bb]Besoin d\u2019autres renseignements?[\/mk_fancy_title][\/vc_column_inner][vc_column_inner width=\u00a0\u00bb1\/4&Prime;][mk_button dimension=\u00a0\u00bbflat\u00a0\u00bb size=\u00a0\u00bbx-large\u00a0\u00bb url=\u00a0\u00bb\/fr\/nous-joindre\/\u00a0\u00bb align=\u00a0\u00bbright\u00a0\u00bb bg_color=\u00a0\u00bb#00984d\u00a0\u00bb btn_hover_bg=\u00a0\u00bb#ffffff\u00a0\u00bb btn_hover_txt_color=\u00a0\u00bb#00984d\u00a0\u00bb]Contactez-nous[\/mk_button][\/vc_column_inner][\/vc_row_inner][mk_padding_divider size=\u00a0\u00bb120&Prime; visibility=\u00a0\u00bbhidden-sm\u00a0\u00bb][\/vc_column][\/mk_page_section]\n<\/div>","protected":false},"excerpt":{"rendered":"<p>[mk_page_section bg_image=\u00a0\u00bbhttp:\/\/lrbgusa.com\/wp-content\/uploads\/molecules-opt.jpg\u00a0\u00bb bg_color=\u00a0\u00bb#000000&Prime; bg_position=\u00a0\u00bbcenter center\u00a0\u00bb bg_repeat=\u00a0\u00bbno-repeat\u00a0\u00bb bg_stretch=\u00a0\u00bbtrue\u00a0\u00bb video_color_mask=\u00a0\u00bb#073170&Prime; video_opacity=\u00a0\u00bb0.5&Prime; js_vertical_centered=\u00a0\u00bbtrue\u00a0\u00bb padding_top=\u00a0\u00bb0&Prime; padding_bottom=\u00a0\u00bb140&Prime; sidebar=\u00a0\u00bbsidebar-1&Prime;][vc_column width=\u00a0\u00bb5\/6&Prime;][mk_padding_divider size=\u00a0\u00bb60&Prime; visibility=\u00a0\u00bbvisible-sm\u00a0\u00bb][mk_padding_divider size=\u00a0\u00bb130&Prime; visibility=\u00a0\u00bbhidden-sm\u00a0\u00bb][mk_fancy_title color=\u00a0\u00bb#ffffff\u00a0\u00bb size=\u00a0\u00bb56&Prime; force_font_size=\u00a0\u00bbtrue\u00a0\u00bb size_tablet=\u00a0\u00bb45&Prime; size_phone=\u00a0\u00bb32&Prime; line_height=\u00a0\u00bb99&Prime; font_weight=\u00a0\u00bbbold\u00a0\u00bb txt_transform=\u00a0\u00bbuppercase\u00a0\u00bb margin_bottom=\u00a0\u00bb0&Prime; font_family=\u00a0\u00bbMontserrat\u00a0\u00bb font_type=\u00a0\u00bbgoogle\u00a0\u00bb drop_shadow=\u00a0\u00bbtrue\u00a0\u00bb shadow_angle=\u00a0\u00bb0&Prime; shadow_distance=\u00a0\u00bb0&Prime; shadow_color=\u00a0\u00bb#00245e\u00a0\u00bb]Besoin d&rsquo;un emballage sur mesure de cristaux de m\u00e9lamine?[\/mk_fancy_title][mk_fancy_title tag_name=\u00a0\u00bbspan\u00a0\u00bb color=\u00a0\u00bb#ffffff\u00a0\u00bb size=\u00a0\u00bb20&Prime; font_weight=\u00a0\u00bb400&Prime; txt_transform=\u00a0\u00bbnone\u00a0\u00bb margin_bottom=\u00a0\u00bb0&Prime; font_family=\u00a0\u00bbMontserrat\u00a0\u00bb font_type=\u00a0\u00bbgoogle\u00a0\u00bb]Nous emballons ce dont vous avez besoin, [&hellip;]<\/p>\n","protected":false},"author":1,"featured_media":0,"parent":0,"menu_order":0,"comment_status":"closed","ping_status":"closed","template":"","meta":{"footnotes":""},"class_list":["post-5792","page","type-page","status-publish","hentry"],"yoast_head":"<!-- This site is optimized with the Yoast SEO plugin v27.3 - https:\/\/yoast.com\/product\/yoast-seo-wordpress\/ -->\n<title>Cristaux de m\u00e9lamine | LRBG Chimie<\/title>\n<meta name=\"description\" content=\"LRBG Chimie produit des cristaux de m\u00e9lamine, utilis\u00e9s pour l&#039;isolation, les mat\u00e9riaux d&#039;insonorisation, les produits de nettoyage polym\u00e9riques et d&#039;autres applications courantes.\" \/>\n<meta name=\"robots\" content=\"index, follow, max-snippet:-1, max-image-preview:large, max-video-preview:-1\" \/>\n<link rel=\"canonical\" href=\"https:\/\/lrbgusa.com\/fr\/cristaux-melamine\/\" \/>\n<meta property=\"og:locale\" content=\"fr_CA\" \/>\n<meta property=\"og:type\" content=\"article\" \/>\n<meta property=\"og:title\" content=\"Cristaux de m\u00e9lamine | LRBG Chimie\" \/>\n<meta property=\"og:description\" content=\"LRBG Chimie produit des cristaux de m\u00e9lamine, utilis\u00e9s pour l&#039;isolation, les mat\u00e9riaux d&#039;insonorisation, les produits de nettoyage polym\u00e9riques et d&#039;autres applications courantes.\" \/>\n<meta property=\"og:url\" content=\"https:\/\/lrbgusa.com\/fr\/cristaux-melamine\/\" \/>\n<meta property=\"og:site_name\" content=\"LRBG Chemicals (USA) Inc.\" \/>\n<meta property=\"article:modified_time\" content=\"2021-03-30T15:55:56+00:00\" \/>\n<meta name=\"twitter:card\" content=\"summary_large_image\" \/>\n<meta name=\"twitter:label1\" content=\"Estimation du temps de lecture\" \/>\n\t<meta name=\"twitter:data1\" content=\"1 minute\" \/>\n<script type=\"application\/ld+json\" class=\"yoast-schema-graph\">{\"@context\":\"https:\\\/\\\/schema.org\",\"@graph\":[{\"@type\":\"WebPage\",\"@id\":\"https:\\\/\\\/lrbgusa.com\\\/fr\\\/cristaux-melamine\\\/\",\"url\":\"https:\\\/\\\/lrbgusa.com\\\/fr\\\/cristaux-melamine\\\/\",\"name\":\"Cristaux de m\u00e9lamine | LRBG Chimie\",\"isPartOf\":{\"@id\":\"https:\\\/\\\/lrbgusa.com\\\/fr\\\/#website\"},\"datePublished\":\"2020-02-05T19:35:15+00:00\",\"dateModified\":\"2021-03-30T15:55:56+00:00\",\"description\":\"LRBG Chimie produit des cristaux de m\u00e9lamine, utilis\u00e9s pour l'isolation, les mat\u00e9riaux d'insonorisation, les produits de nettoyage polym\u00e9riques et d'autres applications courantes.\",\"breadcrumb\":{\"@id\":\"https:\\\/\\\/lrbgusa.com\\\/fr\\\/cristaux-melamine\\\/#breadcrumb\"},\"inLanguage\":\"fr-CA\",\"potentialAction\":[{\"@type\":\"ReadAction\",\"target\":[\"https:\\\/\\\/lrbgusa.com\\\/fr\\\/cristaux-melamine\\\/\"]}]},{\"@type\":\"BreadcrumbList\",\"@id\":\"https:\\\/\\\/lrbgusa.com\\\/fr\\\/cristaux-melamine\\\/#breadcrumb\",\"itemListElement\":[{\"@type\":\"ListItem\",\"position\":1,\"name\":\"Home\",\"item\":\"https:\\\/\\\/lrbgusa.com\\\/fr\\\/\"},{\"@type\":\"ListItem\",\"position\":2,\"name\":\"Cristaux de m\u00e9lamine\"}]},{\"@type\":\"WebSite\",\"@id\":\"https:\\\/\\\/lrbgusa.com\\\/fr\\\/#website\",\"url\":\"https:\\\/\\\/lrbgusa.com\\\/fr\\\/\",\"name\":\"LRBG Chemicals (USA) Inc.\",\"description\":\"\",\"potentialAction\":[{\"@type\":\"SearchAction\",\"target\":{\"@type\":\"EntryPoint\",\"urlTemplate\":\"https:\\\/\\\/lrbgusa.com\\\/fr\\\/?s={search_term_string}\"},\"query-input\":{\"@type\":\"PropertyValueSpecification\",\"valueRequired\":true,\"valueName\":\"search_term_string\"}}],\"inLanguage\":\"fr-CA\"}]}<\/script>\n<!-- \/ Yoast SEO plugin. -->","yoast_head_json":{"title":"Cristaux de m\u00e9lamine | LRBG Chimie","description":"LRBG Chimie produit des cristaux de m\u00e9lamine, utilis\u00e9s pour l'isolation, les mat\u00e9riaux d'insonorisation, les produits de nettoyage polym\u00e9riques et d'autres applications courantes.","robots":{"index":"index","follow":"follow","max-snippet":"max-snippet:-1","max-image-preview":"max-image-preview:large","max-video-preview":"max-video-preview:-1"},"canonical":"https:\/\/lrbgusa.com\/fr\/cristaux-melamine\/","og_locale":"fr_CA","og_type":"article","og_title":"Cristaux de m\u00e9lamine | LRBG Chimie","og_description":"LRBG Chimie produit des cristaux de m\u00e9lamine, utilis\u00e9s pour l'isolation, les mat\u00e9riaux d'insonorisation, les produits de nettoyage polym\u00e9riques et d'autres applications courantes.","og_url":"https:\/\/lrbgusa.com\/fr\/cristaux-melamine\/","og_site_name":"LRBG Chemicals (USA) Inc.","article_modified_time":"2021-03-30T15:55:56+00:00","twitter_card":"summary_large_image","twitter_misc":{"Estimation du temps de lecture":"1 minute"},"schema":{"@context":"https:\/\/schema.org","@graph":[{"@type":"WebPage","@id":"https:\/\/lrbgusa.com\/fr\/cristaux-melamine\/","url":"https:\/\/lrbgusa.com\/fr\/cristaux-melamine\/","name":"Cristaux de m\u00e9lamine | LRBG Chimie","isPartOf":{"@id":"https:\/\/lrbgusa.com\/fr\/#website"},"datePublished":"2020-02-05T19:35:15+00:00","dateModified":"2021-03-30T15:55:56+00:00","description":"LRBG Chimie produit des cristaux de m\u00e9lamine, utilis\u00e9s pour l'isolation, les mat\u00e9riaux d'insonorisation, les produits de nettoyage polym\u00e9riques et d'autres applications courantes.","breadcrumb":{"@id":"https:\/\/lrbgusa.com\/fr\/cristaux-melamine\/#breadcrumb"},"inLanguage":"fr-CA","potentialAction":[{"@type":"ReadAction","target":["https:\/\/lrbgusa.com\/fr\/cristaux-melamine\/"]}]},{"@type":"BreadcrumbList","@id":"https:\/\/lrbgusa.com\/fr\/cristaux-melamine\/#breadcrumb","itemListElement":[{"@type":"ListItem","position":1,"name":"Home","item":"https:\/\/lrbgusa.com\/fr\/"},{"@type":"ListItem","position":2,"name":"Cristaux de m\u00e9lamine"}]},{"@type":"WebSite","@id":"https:\/\/lrbgusa.com\/fr\/#website","url":"https:\/\/lrbgusa.com\/fr\/","name":"LRBG Chemicals (USA) Inc.","description":"","potentialAction":[{"@type":"SearchAction","target":{"@type":"EntryPoint","urlTemplate":"https:\/\/lrbgusa.com\/fr\/?s={search_term_string}"},"query-input":{"@type":"PropertyValueSpecification","valueRequired":true,"valueName":"search_term_string"}}],"inLanguage":"fr-CA"}]}},"_links":{"self":[{"href":"https:\/\/lrbgusa.com\/fr\/wp-json\/wp\/v2\/pages\/5792","targetHints":{"allow":["GET"]}}],"collection":[{"href":"https:\/\/lrbgusa.com\/fr\/wp-json\/wp\/v2\/pages"}],"about":[{"href":"https:\/\/lrbgusa.com\/fr\/wp-json\/wp\/v2\/types\/page"}],"author":[{"embeddable":true,"href":"https:\/\/lrbgusa.com\/fr\/wp-json\/wp\/v2\/users\/1"}],"replies":[{"embeddable":true,"href":"https:\/\/lrbgusa.com\/fr\/wp-json\/wp\/v2\/comments?post=5792"}],"version-history":[{"count":3,"href":"https:\/\/lrbgusa.com\/fr\/wp-json\/wp\/v2\/pages\/5792\/revisions"}],"predecessor-version":[{"id":5936,"href":"https:\/\/lrbgusa.com\/fr\/wp-json\/wp\/v2\/pages\/5792\/revisions\/5936"}],"wp:attachment":[{"href":"https:\/\/lrbgusa.com\/fr\/wp-json\/wp\/v2\/media?parent=5792"}],"curies":[{"name":"wp","href":"https:\/\/api.w.org\/{rel}","templated":true}]}}