{"id":5800,"date":"2020-08-21T06:16:17","date_gmt":"2020-08-21T11:16:17","guid":{"rendered":"https:\/\/lrbgchemicals.com\/our-history\/"},"modified":"2024-06-27T14:12:08","modified_gmt":"2024-06-27T19:12:08","slug":"notre-histoire","status":"publish","type":"page","link":"https:\/\/lrbgusa.com\/fr\/notre-histoire\/","title":{"rendered":"Notre histoire"},"content":{"rendered":"<div class=\"wpb-content-wrapper\">[mk_page_section bg_image=\u00a0\u00bbhttps:\/\/lrbgusa.com\/wp-content\/uploads\/history_lrbg-opt.jpg\u00a0\u00bb bg_color=\u00a0\u00bb#000000&Prime; bg_position=\u00a0\u00bbcenter center\u00a0\u00bb bg_repeat=\u00a0\u00bbno-repeat\u00a0\u00bb bg_stretch=\u00a0\u00bbtrue\u00a0\u00bb video_color_mask=\u00a0\u00bb#073170&Prime; video_opacity=\u00a0\u00bb0.5&Prime; js_vertical_centered=\u00a0\u00bbtrue\u00a0\u00bb padding_top=\u00a0\u00bb0&Prime; padding_bottom=\u00a0\u00bb140&Prime; sidebar=\u00a0\u00bbsidebar-1&Prime;][vc_column width=\u00a0\u00bb3\/4&Prime;][mk_padding_divider size=\u00a0\u00bb160&Prime; visibility=\u00a0\u00bbhidden-sm\u00a0\u00bb][mk_padding_divider size=\u00a0\u00bb50&Prime;][mk_fancy_title tag_name=\u00a0\u00bbh5&Prime; color=\u00a0\u00bb#ffffff\u00a0\u00bb size=\u00a0\u00bb24&Prime; line_height=\u00a0\u00bb99&Prime; font_weight=\u00a0\u00bb400&Prime; txt_transform=\u00a0\u00bbuppercase\u00a0\u00bb margin_bottom=\u00a0\u00bb0&Prime; font_family=\u00a0\u00bbMontserrat\u00a0\u00bb font_type=\u00a0\u00bbgoogle\u00a0\u00bb]Des usines, des connaissances et de l\u2019exp\u00e9rience,<br \/>\n\u00e9tablies depuis 80 ans[\/mk_fancy_title][mk_fancy_title tag_name=\u00a0\u00bbspan\u00a0\u00bb color=\u00a0\u00bb#ffffff\u00a0\u00bb size=\u00a0\u00bb48&Prime; force_font_size=\u00a0\u00bbtrue\u00a0\u00bb size_tablet=\u00a0\u00bb42&Prime; size_phone=\u00a0\u00bb30&Prime; line_height=\u00a0\u00bb95&Prime; font_weight=\u00a0\u00bbbold\u00a0\u00bb txt_transform=\u00a0\u00bbuppercase\u00a0\u00bb margin_bottom=\u00a0\u00bb0&Prime; font_family=\u00a0\u00bbMontserrat\u00a0\u00bb font_type=\u00a0\u00bbgoogle\u00a0\u00bb drop_shadow=\u00a0\u00bbtrue\u00a0\u00bb shadow_angle=\u00a0\u00bb0&Prime; shadow_distance=\u00a0\u00bb0&Prime; shadow_color=\u00a0\u00bb#00245e\u00a0\u00bb]\n<p>De la Recherche et D\u00e9veloppement orient\u00e9e vers le client, de solides connaissances techniques et du soutien <span style=\"color: #00984d;\">pour vous aider \u00e0 acheter les bons produits<\/span><\/p>\n[\/mk_fancy_title][mk_fancy_title tag_name=\u00a0\u00bbspan\u00a0\u00bb color=\u00a0\u00bb#ffffff\u00a0\u00bb size=\u00a0\u00bb20&Prime; font_weight=\u00a0\u00bb400&Prime; txt_transform=\u00a0\u00bbnone\u00a0\u00bb margin_bottom=\u00a0\u00bb0&Prime; font_family=\u00a0\u00bbMontserrat\u00a0\u00bb font_type=\u00a0\u00bbgoogle\u00a0\u00bb]Le personnel est compos\u00e9 de professionnels de l\u2019industrie qui connaissent ce secteur, se soucient du d\u00e9veloppement et s&rsquo;engagent \u00e0 vous offrir le meilleur service qui soit.[\/mk_fancy_title][mk_button dimension=\u00a0\u00bbflat\u00a0\u00bb size=\u00a0\u00bblarge\u00a0\u00bb url=\u00a0\u00bb\/fr\/nous-joindre\/\u00a0\u00bb margin_top=\u00a0\u00bb15&Prime; animation=\u00a0\u00bbfade-in\u00a0\u00bb bg_color=\u00a0\u00bb#00984d\u00a0\u00bb btn_hover_bg=\u00a0\u00bb#ffffff\u00a0\u00bb btn_hover_txt_color=\u00a0\u00bb#00984d\u00a0\u00bb]Contactez-nous[\/mk_button][\/vc_column][vc_column width=\u00a0\u00bb1\/4&Prime;][\/vc_column][\/mk_page_section][mk_page_section bg_image=\u00a0\u00bbhttp:\/\/lrbgusa.com\/wp-content\/uploads\/bg-blue-formaldehyde-opt-resized2.jpg\u00a0\u00bb bg_repeat=\u00a0\u00bbno-repeat\u00a0\u00bb bg_stretch=\u00a0\u00bbtrue\u00a0\u00bb enable_3d=\u00a0\u00bbtrue\u00a0\u00bb bg_gradient=\u00a0\u00bbvertical\u00a0\u00bb video_color_mask=\u00a0\u00bbrgba(255,255,255,0)\u00a0\u00bb gr_end=\u00a0\u00bb#ffffff\u00a0\u00bb video_opacity=\u00a0\u00bb1&Prime; sidebar=\u00a0\u00bbsidebar-1&Prime;][vc_column css=\u00a0\u00bb.vc_custom_1576010790434{background-position: center !important;background-repeat: no-repeat !important;background-size: contain !important;}\u00a0\u00bb][vc_row_inner][vc_column_inner width=\u00a0\u00bb1\/3&Prime;][\/vc_column_inner][vc_column_inner width=\u00a0\u00bb2\/3&Prime;][mk_padding_divider size=\u00a0\u00bb120&Prime;][mk_fancy_title tag_name=\u00a0\u00bbh1&Prime; color=\u00a0\u00bb#0c4b90&Prime; size=\u00a0\u00bb24&Prime; line_height=\u00a0\u00bb99&Prime; font_weight=\u00a0\u00bb400&Prime; txt_transform=\u00a0\u00bbuppercase\u00a0\u00bb margin_bottom=\u00a0\u00bb0&Prime; font_family=\u00a0\u00bbMontserrat\u00a0\u00bb font_type=\u00a0\u00bbgoogle\u00a0\u00bb]Nous fabriquons des r\u00e9sines depuis tr\u00e8s longtemps![\/mk_fancy_title][mk_fancy_title color=\u00a0\u00bb#00984d\u00a0\u00bb size=\u00a0\u00bb42&Prime; force_font_size=\u00a0\u00bbtrue\u00a0\u00bb size_tablet=\u00a0\u00bb36&Prime; size_phone=\u00a0\u00bb28&Prime; line_height=\u00a0\u00bb99&Prime; font_weight=\u00a0\u00bbbold\u00a0\u00bb txt_transform=\u00a0\u00bbnone\u00a0\u00bb margin_bottom=\u00a0\u00bb0&Prime; font_family=\u00a0\u00bbMontserrat\u00a0\u00bb font_type=\u00a0\u00bbgoogle\u00a0\u00bb]<small>Tout a commenc\u00e9 en 1937, avec la compagnie Plaskon, qui a \u00e9t\u00e9 en exploitation jusqu\u2019en 1942.<\/small>[\/mk_fancy_title][vc_column_text disable_pattern=\u00a0\u00bbfalse\u00a0\u00bb css=\u00a0\u00bb.vc_custom_1719504517437{margin-bottom: 0px !important;}\u00a0\u00bb]<span style=\"font-weight: 400;\">Des fusions, des acquisitions et des changements de nom ont suivi. <\/span><b>Libbey-Owens-Ford Glass Co.<\/b><span style=\"font-weight: 400;\"> a pris le relais pendant neuf ans, puis l\u2019entreprise s\u2019est appel\u00e9e <\/span><b>Allied Chemical and Dye Corp.<\/b><span style=\"font-weight: 400;\"> entre 1953 et 1968. Elle a port\u00e9 les noms de <\/span><b>Raymond Chemical Co. <\/b><span style=\"font-weight: 400;\">pendant les 10 ann\u00e9es suivantes, et de <\/span><b>BTL Specialty Resin Corp.<\/b><span style=\"font-weight: 400;\"> pendant 23 autres ann\u00e9es. <\/span><b>Tembec<\/b><span style=\"font-weight: 400;\"> a pris le relais en 2003 et a dirig\u00e9 la soci\u00e9t\u00e9 jusqu&rsquo;\u00e0 la cr\u00e9ation de <\/span><b>LRBG Chimie<\/b><span style=\"font-weight: 400;\"> en 2018.<\/span>[\/vc_column_text][\/vc_column_inner][\/vc_row_inner][mk_padding_divider size=\u00a0\u00bb60&Prime;][\/vc_column][\/mk_page_section][vc_row fullwidth=\u00a0\u00bbtrue\u00a0\u00bb fullwidth_content=\u00a0\u00bbfalse\u00a0\u00bb css=\u00a0\u00bb.vc_custom_1576005412346{background-color: #00984d !important;}\u00a0\u00bb][vc_column width=\u00a0\u00bb1\/6&Prime;][\/vc_column][vc_column width=\u00a0\u00bb2\/3&Prime; css=\u00a0\u00bb.vc_custom_1585930584219{margin-right: 30px !important;margin-left: 30px !important;}\u00a0\u00bb][mk_padding_divider size=\u00a0\u00bb60&Prime;][mk_fancy_title color=\u00a0\u00bb#ffffff\u00a0\u00bb size=\u00a0\u00bb42&Prime; force_font_size=\u00a0\u00bbtrue\u00a0\u00bb size_tablet=\u00a0\u00bb36&Prime; size_phone=\u00a0\u00bb30&Prime; line_height=\u00a0\u00bb90&Prime; font_weight=\u00a0\u00bb400&Prime; txt_transform=\u00a0\u00bbuppercase\u00a0\u00bb margin_bottom=\u00a0\u00bb0&Prime; font_family=\u00a0\u00bbMontserrat\u00a0\u00bb font_type=\u00a0\u00bbgoogle\u00a0\u00bb align=\u00a0\u00bbcenter\u00a0\u00bb]\u00c9volution des produits[\/mk_fancy_title][mk_fancy_title color=\u00a0\u00bb#ffffff\u00a0\u00bb size=\u00a0\u00bb18&Prime; line_height=\u00a0\u00bb98&Prime; font_weight=\u00a0\u00bb400&Prime; txt_transform=\u00a0\u00bbnone\u00a0\u00bb margin_bottom=\u00a0\u00bb0&Prime; font_family=\u00a0\u00bbMontserrat\u00a0\u00bb font_type=\u00a0\u00bbgoogle\u00a0\u00bb responsive_align=\u00a0\u00bbleft\u00a0\u00bb]<span style=\"color: #ffffff;\"><strong style=\"color: #ffffff;\">1940 \u2013 1968:<\/strong> L\u2019entreprise a fabriqu\u00e9 diff\u00e9rents produits pour les march\u00e9s du verre et des r\u00e9sines, et ses usines ont connu des agrandissements et des modifications consid\u00e9rables.<\/span><\/p>\n<p><span style=\"color: #ffffff;\"><strong style=\"color: #ffffff;\">1969 to 1979:<\/strong> Des r\u00e9sines UF s\u00e9ch\u00e9es par pulv\u00e9risation et des compos\u00e9s de moulage ont \u00e9t\u00e9 mis au point et fabriqu\u00e9s.<\/span><\/p>\n<p><span style=\"color: #ffffff;\"><strong style=\"color: #ffffff;\">1979-2003:<\/strong> Des gammes de r\u00e9sines MF et MUF s\u00e9ch\u00e9es par pulv\u00e9risation ont \u00e9t\u00e9 mises au point et produites, et les expansions d&rsquo;usines n\u00e9cessaires ont \u00e9t\u00e9 r\u00e9alis\u00e9es.<\/span><\/p>\n<p><span style=\"color: #ffffff;\"><strong style=\"color: #ffffff;\">2003 \u00e0 ce jour:<\/strong> Des gammes d&rsquo;isolants en mousse \u00e0 vaporiser et de peintures intumescentes ont \u00e9t\u00e9 ajout\u00e9es aux produits que nous offrons.<\/span>[\/mk_fancy_title][mk_padding_divider size=\u00a0\u00bb60&Prime;][\/vc_column][vc_column width=\u00a0\u00bb1\/6&Prime;][\/vc_column][\/vc_row]\n<\/div>","protected":false},"excerpt":{"rendered":"<p>[mk_page_section bg_image=\u00a0\u00bbhttps:\/\/lrbgusa.com\/wp-content\/uploads\/history_lrbg-opt.jpg\u00a0\u00bb bg_color=\u00a0\u00bb#000000&Prime; bg_position=\u00a0\u00bbcenter center\u00a0\u00bb bg_repeat=\u00a0\u00bbno-repeat\u00a0\u00bb bg_stretch=\u00a0\u00bbtrue\u00a0\u00bb video_color_mask=\u00a0\u00bb#073170&Prime; video_opacity=\u00a0\u00bb0.5&Prime; js_vertical_centered=\u00a0\u00bbtrue\u00a0\u00bb padding_top=\u00a0\u00bb0&Prime; padding_bottom=\u00a0\u00bb140&Prime; sidebar=\u00a0\u00bbsidebar-1&Prime;][vc_column width=\u00a0\u00bb3\/4&Prime;][mk_padding_divider size=\u00a0\u00bb160&Prime; visibility=\u00a0\u00bbhidden-sm\u00a0\u00bb][mk_padding_divider size=\u00a0\u00bb50&Prime;][mk_fancy_title tag_name=\u00a0\u00bbh5&Prime; color=\u00a0\u00bb#ffffff\u00a0\u00bb size=\u00a0\u00bb24&Prime; line_height=\u00a0\u00bb99&Prime; font_weight=\u00a0\u00bb400&Prime; txt_transform=\u00a0\u00bbuppercase\u00a0\u00bb margin_bottom=\u00a0\u00bb0&Prime; font_family=\u00a0\u00bbMontserrat\u00a0\u00bb font_type=\u00a0\u00bbgoogle\u00a0\u00bb]Des usines, des connaissances et de l\u2019exp\u00e9rience, \u00e9tablies depuis 80 ans[\/mk_fancy_title][mk_fancy_title tag_name=\u00a0\u00bbspan\u00a0\u00bb color=\u00a0\u00bb#ffffff\u00a0\u00bb size=\u00a0\u00bb48&Prime; force_font_size=\u00a0\u00bbtrue\u00a0\u00bb size_tablet=\u00a0\u00bb42&Prime; size_phone=\u00a0\u00bb30&Prime; line_height=\u00a0\u00bb95&Prime; font_weight=\u00a0\u00bbbold\u00a0\u00bb txt_transform=\u00a0\u00bbuppercase\u00a0\u00bb margin_bottom=\u00a0\u00bb0&Prime; font_family=\u00a0\u00bbMontserrat\u00a0\u00bb font_type=\u00a0\u00bbgoogle\u00a0\u00bb drop_shadow=\u00a0\u00bbtrue\u00a0\u00bb shadow_angle=\u00a0\u00bb0&Prime; shadow_distance=\u00a0\u00bb0&Prime; shadow_color=\u00a0\u00bb#00245e\u00a0\u00bb] De la Recherche [&hellip;]<\/p>\n","protected":false},"author":2,"featured_media":0,"parent":0,"menu_order":0,"comment_status":"closed","ping_status":"closed","template":"","meta":{"footnotes":""},"class_list":["post-5800","page","type-page","status-publish","hentry"],"yoast_head":"<!-- This site is optimized with the Yoast SEO plugin v27.3 - https:\/\/yoast.com\/product\/yoast-seo-wordpress\/ -->\n<title>Histoire de LRBG Chimie | Fabricant de r\u00e9sines de qualit\u00e9 sup\u00e9rieure<\/title>\n<meta name=\"description\" content=\"LRBG Chimie met au point des r\u00e9sines depuis plus de 80 ans. Gr\u00e2ce \u00e0 notre exp\u00e9rience et \u00e0 nos comp\u00e9tences, nous sommes en mesure de trouver le produit qui conviendra \u00e0 votre entreprise.\" \/>\n<meta name=\"robots\" content=\"index, follow, max-snippet:-1, max-image-preview:large, max-video-preview:-1\" \/>\n<link rel=\"canonical\" href=\"https:\/\/lrbgusa.com\/fr\/notre-histoire\/\" \/>\n<meta property=\"og:locale\" content=\"fr_CA\" \/>\n<meta property=\"og:type\" content=\"article\" \/>\n<meta property=\"og:title\" content=\"Histoire de LRBG Chimie | Fabricant de r\u00e9sines de qualit\u00e9 sup\u00e9rieure\" \/>\n<meta property=\"og:description\" content=\"LRBG Chimie met au point des r\u00e9sines depuis plus de 80 ans. Gr\u00e2ce \u00e0 notre exp\u00e9rience et \u00e0 nos comp\u00e9tences, nous sommes en mesure de trouver le produit qui conviendra \u00e0 votre entreprise.\" \/>\n<meta property=\"og:url\" content=\"https:\/\/lrbgusa.com\/fr\/notre-histoire\/\" \/>\n<meta property=\"og:site_name\" content=\"LRBG Chemicals (USA) Inc.\" \/>\n<meta property=\"article:modified_time\" content=\"2024-06-27T19:12:08+00:00\" \/>\n<meta name=\"twitter:card\" content=\"summary_large_image\" \/>\n<meta name=\"twitter:label1\" content=\"Estimation du temps de lecture\" \/>\n\t<meta name=\"twitter:data1\" content=\"2 minutes\" \/>\n<script type=\"application\/ld+json\" class=\"yoast-schema-graph\">{\"@context\":\"https:\\\/\\\/schema.org\",\"@graph\":[{\"@type\":\"WebPage\",\"@id\":\"https:\\\/\\\/lrbgusa.com\\\/fr\\\/notre-histoire\\\/\",\"url\":\"https:\\\/\\\/lrbgusa.com\\\/fr\\\/notre-histoire\\\/\",\"name\":\"Histoire de LRBG Chimie | Fabricant de r\u00e9sines de qualit\u00e9 sup\u00e9rieure\",\"isPartOf\":{\"@id\":\"https:\\\/\\\/lrbgusa.com\\\/fr\\\/#website\"},\"datePublished\":\"2020-08-21T11:16:17+00:00\",\"dateModified\":\"2024-06-27T19:12:08+00:00\",\"description\":\"LRBG Chimie met au point des r\u00e9sines depuis plus de 80 ans. Gr\u00e2ce \u00e0 notre exp\u00e9rience et \u00e0 nos comp\u00e9tences, nous sommes en mesure de trouver le produit qui conviendra \u00e0 votre entreprise.\",\"breadcrumb\":{\"@id\":\"https:\\\/\\\/lrbgusa.com\\\/fr\\\/notre-histoire\\\/#breadcrumb\"},\"inLanguage\":\"fr-CA\",\"potentialAction\":[{\"@type\":\"ReadAction\",\"target\":[\"https:\\\/\\\/lrbgusa.com\\\/fr\\\/notre-histoire\\\/\"]}]},{\"@type\":\"BreadcrumbList\",\"@id\":\"https:\\\/\\\/lrbgusa.com\\\/fr\\\/notre-histoire\\\/#breadcrumb\",\"itemListElement\":[{\"@type\":\"ListItem\",\"position\":1,\"name\":\"Home\",\"item\":\"https:\\\/\\\/lrbgusa.com\\\/fr\\\/\"},{\"@type\":\"ListItem\",\"position\":2,\"name\":\"Notre histoire\"}]},{\"@type\":\"WebSite\",\"@id\":\"https:\\\/\\\/lrbgusa.com\\\/fr\\\/#website\",\"url\":\"https:\\\/\\\/lrbgusa.com\\\/fr\\\/\",\"name\":\"LRBG Chemicals (USA) Inc.\",\"description\":\"\",\"potentialAction\":[{\"@type\":\"SearchAction\",\"target\":{\"@type\":\"EntryPoint\",\"urlTemplate\":\"https:\\\/\\\/lrbgusa.com\\\/fr\\\/?s={search_term_string}\"},\"query-input\":{\"@type\":\"PropertyValueSpecification\",\"valueRequired\":true,\"valueName\":\"search_term_string\"}}],\"inLanguage\":\"fr-CA\"}]}<\/script>\n<!-- \/ Yoast SEO plugin. -->","yoast_head_json":{"title":"Histoire de LRBG Chimie | Fabricant de r\u00e9sines de qualit\u00e9 sup\u00e9rieure","description":"LRBG Chimie met au point des r\u00e9sines depuis plus de 80 ans. Gr\u00e2ce \u00e0 notre exp\u00e9rience et \u00e0 nos comp\u00e9tences, nous sommes en mesure de trouver le produit qui conviendra \u00e0 votre entreprise.","robots":{"index":"index","follow":"follow","max-snippet":"max-snippet:-1","max-image-preview":"max-image-preview:large","max-video-preview":"max-video-preview:-1"},"canonical":"https:\/\/lrbgusa.com\/fr\/notre-histoire\/","og_locale":"fr_CA","og_type":"article","og_title":"Histoire de LRBG Chimie | Fabricant de r\u00e9sines de qualit\u00e9 sup\u00e9rieure","og_description":"LRBG Chimie met au point des r\u00e9sines depuis plus de 80 ans. Gr\u00e2ce \u00e0 notre exp\u00e9rience et \u00e0 nos comp\u00e9tences, nous sommes en mesure de trouver le produit qui conviendra \u00e0 votre entreprise.","og_url":"https:\/\/lrbgusa.com\/fr\/notre-histoire\/","og_site_name":"LRBG Chemicals (USA) Inc.","article_modified_time":"2024-06-27T19:12:08+00:00","twitter_card":"summary_large_image","twitter_misc":{"Estimation du temps de lecture":"2 minutes"},"schema":{"@context":"https:\/\/schema.org","@graph":[{"@type":"WebPage","@id":"https:\/\/lrbgusa.com\/fr\/notre-histoire\/","url":"https:\/\/lrbgusa.com\/fr\/notre-histoire\/","name":"Histoire de LRBG Chimie | Fabricant de r\u00e9sines de qualit\u00e9 sup\u00e9rieure","isPartOf":{"@id":"https:\/\/lrbgusa.com\/fr\/#website"},"datePublished":"2020-08-21T11:16:17+00:00","dateModified":"2024-06-27T19:12:08+00:00","description":"LRBG Chimie met au point des r\u00e9sines depuis plus de 80 ans. Gr\u00e2ce \u00e0 notre exp\u00e9rience et \u00e0 nos comp\u00e9tences, nous sommes en mesure de trouver le produit qui conviendra \u00e0 votre entreprise.","breadcrumb":{"@id":"https:\/\/lrbgusa.com\/fr\/notre-histoire\/#breadcrumb"},"inLanguage":"fr-CA","potentialAction":[{"@type":"ReadAction","target":["https:\/\/lrbgusa.com\/fr\/notre-histoire\/"]}]},{"@type":"BreadcrumbList","@id":"https:\/\/lrbgusa.com\/fr\/notre-histoire\/#breadcrumb","itemListElement":[{"@type":"ListItem","position":1,"name":"Home","item":"https:\/\/lrbgusa.com\/fr\/"},{"@type":"ListItem","position":2,"name":"Notre histoire"}]},{"@type":"WebSite","@id":"https:\/\/lrbgusa.com\/fr\/#website","url":"https:\/\/lrbgusa.com\/fr\/","name":"LRBG Chemicals (USA) Inc.","description":"","potentialAction":[{"@type":"SearchAction","target":{"@type":"EntryPoint","urlTemplate":"https:\/\/lrbgusa.com\/fr\/?s={search_term_string}"},"query-input":{"@type":"PropertyValueSpecification","valueRequired":true,"valueName":"search_term_string"}}],"inLanguage":"fr-CA"}]}},"_links":{"self":[{"href":"https:\/\/lrbgusa.com\/fr\/wp-json\/wp\/v2\/pages\/5800","targetHints":{"allow":["GET"]}}],"collection":[{"href":"https:\/\/lrbgusa.com\/fr\/wp-json\/wp\/v2\/pages"}],"about":[{"href":"https:\/\/lrbgusa.com\/fr\/wp-json\/wp\/v2\/types\/page"}],"author":[{"embeddable":true,"href":"https:\/\/lrbgusa.com\/fr\/wp-json\/wp\/v2\/users\/2"}],"replies":[{"embeddable":true,"href":"https:\/\/lrbgusa.com\/fr\/wp-json\/wp\/v2\/comments?post=5800"}],"version-history":[{"count":7,"href":"https:\/\/lrbgusa.com\/fr\/wp-json\/wp\/v2\/pages\/5800\/revisions"}],"predecessor-version":[{"id":6369,"href":"https:\/\/lrbgusa.com\/fr\/wp-json\/wp\/v2\/pages\/5800\/revisions\/6369"}],"wp:attachment":[{"href":"https:\/\/lrbgusa.com\/fr\/wp-json\/wp\/v2\/media?parent=5800"}],"curies":[{"name":"wp","href":"https:\/\/api.w.org\/{rel}","templated":true}]}}