{"id":5802,"date":"2020-03-05T19:14:47","date_gmt":"2020-03-05T14:14:47","guid":{"rendered":"https:\/\/lrbgchemicals.com\/our-team\/"},"modified":"2024-08-23T06:59:29","modified_gmt":"2024-08-23T11:59:29","slug":"notre-equipe","status":"publish","type":"page","link":"https:\/\/lrbgusa.com\/fr\/notre-equipe\/","title":{"rendered":"Notre \u00e9quipe"},"content":{"rendered":"<div class=\"wpb-content-wrapper\">[mk_page_section bg_image=\u00a0\u00bbhttp:\/\/lrbgusa.com\/wp-content\/uploads\/molecules-opt.jpg\u00a0\u00bb bg_color=\u00a0\u00bb#000000&Prime; bg_position=\u00a0\u00bbcenter center\u00a0\u00bb bg_repeat=\u00a0\u00bbno-repeat\u00a0\u00bb bg_stretch=\u00a0\u00bbtrue\u00a0\u00bb video_color_mask=\u00a0\u00bb#073170&Prime; video_opacity=\u00a0\u00bb0.5&Prime; js_vertical_centered=\u00a0\u00bbtrue\u00a0\u00bb padding_top=\u00a0\u00bb0&Prime; padding_bottom=\u00a0\u00bb140&Prime; sidebar=\u00a0\u00bbsidebar-1&Prime;][vc_column][mk_padding_divider size=\u00a0\u00bb160&Prime; visibility=\u00a0\u00bbhidden-sm\u00a0\u00bb][mk_padding_divider size=\u00a0\u00bb50&Prime;][mk_fancy_title tag_name=\u00a0\u00bbh5&Prime; color=\u00a0\u00bb#ffffff\u00a0\u00bb size=\u00a0\u00bb24&Prime; line_height=\u00a0\u00bb99&Prime; font_weight=\u00a0\u00bb400&Prime; txt_transform=\u00a0\u00bbuppercase\u00a0\u00bb margin_bottom=\u00a0\u00bb0&Prime; font_family=\u00a0\u00bbMontserrat\u00a0\u00bb font_type=\u00a0\u00bbgoogle\u00a0\u00bb]<span style=\"font-weight: 400;\">Vous voulez collaborer avec une \u00e9quipe exp\u00e9riment\u00e9e qui prend le temps de bien faire les choses?<\/span>[\/mk_fancy_title][mk_fancy_title tag_name=\u00a0\u00bbspan\u00a0\u00bb color=\u00a0\u00bb#ffffff\u00a0\u00bb size=\u00a0\u00bb46&Prime; force_font_size=\u00a0\u00bbtrue\u00a0\u00bb size_tablet=\u00a0\u00bb36&Prime; size_phone=\u00a0\u00bb30&Prime; line_height=\u00a0\u00bb95&Prime; font_weight=\u00a0\u00bbbold\u00a0\u00bb txt_transform=\u00a0\u00bbuppercase\u00a0\u00bb margin_bottom=\u00a0\u00bb0&Prime; font_family=\u00a0\u00bbMontserrat\u00a0\u00bb font_type=\u00a0\u00bbgoogle\u00a0\u00bb drop_shadow=\u00a0\u00bbtrue\u00a0\u00bb shadow_angle=\u00a0\u00bb0&Prime; shadow_distance=\u00a0\u00bb0&Prime; shadow_color=\u00a0\u00bb#00245e\u00a0\u00bb]Une \u00e9quipe de professionnels poss\u00e9dant<br \/>\nune vaste exp\u00e9rience et la volont\u00e9 de<br \/>\n<span style=\"color: #00984d;\">toujours bien faire les choses.<\/span>[\/mk_fancy_title][mk_fancy_title tag_name=\u00a0\u00bbspan\u00a0\u00bb color=\u00a0\u00bb#ffffff\u00a0\u00bb size=\u00a0\u00bb20&Prime; font_weight=\u00a0\u00bb400&Prime; txt_transform=\u00a0\u00bbnone\u00a0\u00bb margin_bottom=\u00a0\u00bb0&Prime; font_family=\u00a0\u00bbMontserrat\u00a0\u00bb font_type=\u00a0\u00bbgoogle\u00a0\u00bb]Nous avons le savoir-faire, l&rsquo;exp\u00e9rience et la formation n\u00e9cessaires pour r\u00e9pondre ad\u00e9quatement \u00e0 vos demandes.[\/mk_fancy_title][mk_button dimension=\u00a0\u00bbflat\u00a0\u00bb size=\u00a0\u00bblarge\u00a0\u00bb url=\u00a0\u00bb\/fr\/nous-joindre\/\u00a0\u00bb margin_top=\u00a0\u00bb15&Prime; animation=\u00a0\u00bbfade-in\u00a0\u00bb bg_color=\u00a0\u00bb#00984d\u00a0\u00bb btn_hover_bg=\u00a0\u00bb#ffffff\u00a0\u00bb btn_hover_txt_color=\u00a0\u00bb#00984d\u00a0\u00bb]Contactez notre \u00e9quipe[\/mk_button][\/vc_column][\/mk_page_section][mk_page_section bg_image=\u00a0\u00bbhttp:\/\/lrbgusa.com\/wp-content\/uploads\/bg-blue-formaldehyde-opt-resized2.jpg\u00a0\u00bb bg_repeat=\u00a0\u00bbno-repeat\u00a0\u00bb bg_stretch=\u00a0\u00bbtrue\u00a0\u00bb enable_3d=\u00a0\u00bbtrue\u00a0\u00bb bg_gradient=\u00a0\u00bbvertical\u00a0\u00bb video_color_mask=\u00a0\u00bbrgba(255,255,255,0)\u00a0\u00bb gr_end=\u00a0\u00bb#ffffff\u00a0\u00bb video_opacity=\u00a0\u00bb1&Prime; sidebar=\u00a0\u00bbsidebar-1&Prime;][vc_column css=\u00a0\u00bb.vc_custom_1576010790434{background-position: center !important;background-repeat: no-repeat !important;background-size: contain !important;}\u00a0\u00bb][mk_padding_divider size=\u00a0\u00bb120&Prime; visibility=\u00a0\u00bbhidden-sm\u00a0\u00bb][vc_row_inner][vc_column_inner width=\u00a0\u00bb1\/3&Prime;][\/vc_column_inner][vc_column_inner width=\u00a0\u00bb2\/3&Prime;][mk_fancy_title tag_name=\u00a0\u00bbh1&Prime; color=\u00a0\u00bb#00984d\u00a0\u00bb size=\u00a0\u00bb42&Prime; force_font_size=\u00a0\u00bbtrue\u00a0\u00bb size_tablet=\u00a0\u00bb36&Prime; size_phone=\u00a0\u00bb28&Prime; line_height=\u00a0\u00bb95&Prime; font_weight=\u00a0\u00bbbold\u00a0\u00bb txt_transform=\u00a0\u00bbnone\u00a0\u00bb margin_bottom=\u00a0\u00bb0&Prime; font_family=\u00a0\u00bbMontserrat\u00a0\u00bb font_type=\u00a0\u00bbgoogle\u00a0\u00bb]<span style=\"font-weight: 400;\">Une \u00e9quipe de dirigeants poss\u00e9dant l\u2019exp\u00e9rience pratique qui fait la diff\u00e9rence<\/span>[\/mk_fancy_title][\/vc_column_inner][\/vc_row_inner][mk_padding_divider size=\u00a0\u00bb60&Prime;][vc_row_inner][vc_column_inner width=\u00a0\u00bb1\/3&Prime;][mk_icon_box icon=\u00a0\u00bbmk-icon-user\u00a0\u00bb title=\u00a0\u00bbJames Bennett, Pr\u00e9sident\u00a0\u00bb text_size=\u00a0\u00bb18&Prime; font_weight=\u00a0\u00bb600&Prime; style=\u00a0\u00bbboxed\u00a0\u00bb icon_location=\u00a0\u00bbtop\u00a0\u00bb icon_color=\u00a0\u00bb#ffffff\u00a0\u00bb title_color=\u00a0\u00bb#0c4b90&Prime; txt_color=\u00a0\u00bb#2b2b2b\u00a0\u00bb]<i><span style=\"font-weight: 400;\">Pr\u00e9sident-directeur g\u00e9n\u00e9ral<\/span><\/i><\/p>\n<p>&nbsp;<\/p>\n<ul>\n<li style=\"font-weight: 400; text-align: left;\" aria-level=\"1\"><span style=\"font-weight: 400;\">A.A.S. en chimie de l&rsquo;universit\u00e9 de Toledo<\/span><\/li>\n<li style=\"font-weight: 400; text-align: left;\" aria-level=\"1\"><span style=\"font-weight: 400;\">B.S. en g\u00e9nie industriel de l&rsquo;universit\u00e9 d&rsquo;\u00c9tat de Bowling Green<\/span><\/li>\n<li style=\"font-weight: 400; text-align: left;\" aria-level=\"1\"><span style=\"font-weight: 400;\">M.E. en gestion d&rsquo;ing\u00e9nierie de l&rsquo;Universit\u00e9 du Colorado \u00e0 Boulder<\/span><\/li>\n<li style=\"font-weight: 400; text-align: left;\" aria-level=\"1\"><span style=\"font-weight: 400;\">Certifi\u00e9 ceinture noire Six Sigma<\/span><\/li>\n<li style=\"font-weight: 400; text-align: left;\" aria-level=\"1\"><span style=\"font-weight: 400;\">Plus de 25 ans d&rsquo;exp\u00e9rience en recherche et d\u00e9veloppement, en ing\u00e9nierie industrielle et en gestion d&rsquo;usine<\/span><\/li>\n<\/ul>\n[\/mk_icon_box][\/vc_column_inner][vc_column_inner width=\u00a0\u00bb1\/3&Prime;][mk_icon_box icon=\u00a0\u00bbmk-icon-user\u00a0\u00bb title=\u00a0\u00bbGeorge Coleman, VP\u00a0\u00bb text_size=\u00a0\u00bb18&Prime; font_weight=\u00a0\u00bb600&Prime; style=\u00a0\u00bbboxed\u00a0\u00bb icon_location=\u00a0\u00bbtop\u00a0\u00bb icon_color=\u00a0\u00bb#ffffff\u00a0\u00bb title_color=\u00a0\u00bb#0c4b90&Prime; txt_color=\u00a0\u00bb#2b2b2b\u00a0\u00bb]<i><span style=\"font-weight: 400;\">Directeur des op\u00e9rations<\/span><\/i><\/p>\n<p>&nbsp;<\/p>\n<ul>\n<li style=\"font-weight: 400; text-align: left;\" aria-level=\"1\"><span style=\"font-weight: 400;\">Certificat en gestion de la cha\u00eene logistique de l&rsquo;Universit\u00e9 d&rsquo;\u00c9tat du Michigan<\/span><\/li>\n<li style=\"font-weight: 400; text-align: left;\" aria-level=\"1\"><span style=\"font-weight: 400;\">Employ\u00e9 de LRBG Chemicals depuis 2001<\/span><\/li>\n<li style=\"font-weight: 400; text-align: left;\" aria-level=\"1\"><span style=\"font-weight: 400;\">A commenc\u00e9 comme employ\u00e9 de niveau d\u00e9butant et a g\u00e9r\u00e9 tous les aspects de la production<\/span><\/li>\n<li style=\"font-weight: 400; text-align: left;\" aria-level=\"1\"><span style=\"font-weight: 400;\">Promu en 2008 pour g\u00e9rer le service des ventes et la cha\u00eene d&rsquo;approvisionnement des mati\u00e8res premi\u00e8res<\/span><\/li>\n<li style=\"font-weight: 400; text-align: left;\" aria-level=\"1\"><span style=\"font-weight: 400;\">Responsable de la gestion de l&rsquo;usine, la gestion de la cha\u00eene d&rsquo;approvisionnement et la formation des directeurs des ventes<\/span><\/li>\n<\/ul>\n[\/mk_icon_box][\/vc_column_inner][vc_column_inner width=\u00a0\u00bb1\/3&Prime;][mk_icon_box icon=\u00a0\u00bbmk-icon-user\u00a0\u00bb title=\u00a0\u00bbJarrod Buffy\u00a0\u00bb text_size=\u00a0\u00bb18&Prime; font_weight=\u00a0\u00bb600&Prime; style=\u00a0\u00bbboxed\u00a0\u00bb icon_location=\u00a0\u00bbtop\u00a0\u00bb icon_color=\u00a0\u00bb#ffffff\u00a0\u00bb title_color=\u00a0\u00bb#0c4b90&Prime; txt_color=\u00a0\u00bb#2b2b2b\u00a0\u00bb]<i><span style=\"font-weight: 400;\">Directeur du d\u00e9veloppement commercial<\/span><\/i><\/p>\n<p>&nbsp;<\/p>\n<ul>\n<li style=\"font-weight: 400; text-align: left;\" aria-level=\"1\"><span style=\"font-weight: 400;\">B.S. en chimie, Ohio Northern University<\/span><\/li>\n<li style=\"font-weight: 400; text-align: left;\" aria-level=\"1\"><span style=\"font-weight: 400;\">Ph.D. en chimie de l&rsquo;Universit\u00e9 du Wisconsin<\/span><\/li>\n<li style=\"font-weight: 400; text-align: left;\" aria-level=\"1\"><span style=\"font-weight: 400;\">1 brevet USA<\/span><\/li>\n<li style=\"font-weight: 400; text-align: left;\" aria-level=\"1\"><span style=\"font-weight: 400;\">Plus de 30 publications \u00e9valu\u00e9es par des pairs<\/span><\/li>\n<li style=\"font-weight: 400; text-align: left;\" aria-level=\"1\"><span style=\"font-weight: 400;\">Membre de l&rsquo;American Chemical Society, de l&rsquo;American Institute of Aeronautics and Astronautics, de la Society for the Advancement of Material and Process Engineering<\/span><\/li>\n<\/ul>\n[\/mk_icon_box][\/vc_column_inner][\/vc_row_inner][vc_row_inner][vc_column_inner width=\u00a0\u00bb1\/6&Prime;][\/vc_column_inner][vc_column_inner width=\u00a0\u00bb1\/3&Prime;][mk_icon_box icon=\u00a0\u00bbmk-icon-user\u00a0\u00bb title=\u00a0\u00bbBrad Amborski, VP\u00a0\u00bb text_size=\u00a0\u00bb18&Prime; font_weight=\u00a0\u00bb600&Prime; style=\u00a0\u00bbboxed\u00a0\u00bb icon_location=\u00a0\u00bbtop\u00a0\u00bb icon_color=\u00a0\u00bb#ffffff\u00a0\u00bb title_color=\u00a0\u00bb#0c4b90&Prime; txt_color=\u00a0\u00bb#2b2b2b\u00a0\u00bb]<i><span style=\"font-weight: 400;\">Directeur financier<\/span><\/i><\/p>\n<p>&nbsp;<\/p>\n<ul>\n<li style=\"font-weight: 400; text-align: left;\" aria-level=\"1\"><span style=\"font-weight: 400;\">Licence en comptabilit\u00e9 de l&rsquo;Universit\u00e9 de Toledo\u00a0<\/span><\/li>\n<li style=\"font-weight: 400; text-align: left;\" aria-level=\"1\"><span style=\"font-weight: 400;\">Notaire public agr\u00e9\u00e9 dans l&rsquo;\u00c9tat de l&rsquo;Ohio<\/span><\/li>\n<li style=\"font-weight: 400; text-align: left;\" aria-level=\"1\"><span style=\"font-weight: 400;\">Employ\u00e9 de LRBG Chemicals depuis 2014<\/span><\/li>\n<li style=\"font-weight: 400; text-align: left;\" aria-level=\"1\"><span style=\"font-weight: 400;\">Sp\u00e9cialiste ERP Datacor sur le site<\/span><\/li>\n<li style=\"font-weight: 400; text-align: left;\" aria-level=\"1\"><span style=\"font-weight: 400;\">Responsable de tous les processus de fin de mois, la publication des \u00e9tats financiers, la gestion des AP\/AR et des processus de tr\u00e9sorerie <\/span><\/li>\n<\/ul>\n<p>&nbsp;<\/p>\n[\/mk_icon_box][\/vc_column_inner][vc_column_inner width=\u00a0\u00bb1\/3&Prime;][mk_icon_box icon=\u00a0\u00bbmk-icon-user\u00a0\u00bb title=\u00a0\u00bbCharles Boudreaux, VP\u00a0\u00bb text_size=\u00a0\u00bb18&Prime; font_weight=\u00a0\u00bb600&Prime; style=\u00a0\u00bbboxed\u00a0\u00bb icon_location=\u00a0\u00bbtop\u00a0\u00bb icon_color=\u00a0\u00bb#ffffff\u00a0\u00bb title_color=\u00a0\u00bb#0c4b90&Prime; txt_color=\u00a0\u00bb#2b2b2b\u00a0\u00bb]<i><span style=\"font-weight: 400;\">Chef de l&rsquo;entretien des installations<\/span><\/i><\/p>\n<p>&nbsp;<\/p>\n<ul>\n<li style=\"font-weight: 400; text-align: left;\" aria-level=\"1\"><span style=\"font-weight: 400;\">Licence en justice p\u00e9nale de l&rsquo;Universit\u00e9 de Louisiane \u00e0 Monroe<\/span><\/li>\n<li style=\"font-weight: 400; text-align: left;\" aria-level=\"1\"><span style=\"font-weight: 400;\">\u00c9lectricien certifi\u00e9 par le Centre national pour l&rsquo;\u00e9ducation et la recherche en construction<\/span><\/li>\n<li style=\"font-weight: 400; text-align: left;\" aria-level=\"1\"><span style=\"font-weight: 400;\">Employ\u00e9 de LRBG Chemicals depuis 2014<\/span><\/li>\n<li style=\"font-weight: 400; text-align: left;\" aria-level=\"1\"><span style=\"font-weight: 400;\">Responsable des projets d&rsquo;am\u00e9lioration des immobilisations, la maintenance des stocks et la maintenance pr\u00e9ventive<\/span><\/li>\n<\/ul>\n[\/mk_icon_box][\/vc_column_inner][vc_column_inner width=\u00a0\u00bb1\/6&Prime;][\/vc_column_inner][\/vc_row_inner][\/vc_column][\/mk_page_section][vc_row fullwidth=\u00a0\u00bbtrue\u00a0\u00bb fullwidth_content=\u00a0\u00bbfalse\u00a0\u00bb css=\u00a0\u00bb.vc_custom_1576005412346{background-color: #00984d !important;}\u00a0\u00bb][vc_column css=\u00a0\u00bb.vc_custom_1585930785026{margin-right: 30px !important;margin-left: 30px !important;}\u00a0\u00bb][mk_padding_divider size=\u00a0\u00bb60&Prime;][mk_fancy_title tag_name=\u00a0\u00bbh5&Prime; color=\u00a0\u00bb#ffffff\u00a0\u00bb size=\u00a0\u00bb24&Prime; line_height=\u00a0\u00bb90&Prime; font_weight=\u00a0\u00bb400&Prime; txt_transform=\u00a0\u00bbuppercase\u00a0\u00bb margin_bottom=\u00a0\u00bb0&Prime; font_family=\u00a0\u00bbMontserrat\u00a0\u00bb font_type=\u00a0\u00bbgoogle\u00a0\u00bb align=\u00a0\u00bbcenter\u00a0\u00bb]Mettez-nous \u00e0 l&rsquo;essai.[\/mk_fancy_title][mk_fancy_title color=\u00a0\u00bb#ffffff\u00a0\u00bb size=\u00a0\u00bb42&Prime; force_font_size=\u00a0\u00bbtrue\u00a0\u00bb size_tablet=\u00a0\u00bb36&Prime; size_phone=\u00a0\u00bb28&Prime; line_height=\u00a0\u00bb95&Prime; font_weight=\u00a0\u00bbbold\u00a0\u00bb txt_transform=\u00a0\u00bbnone\u00a0\u00bb margin_bottom=\u00a0\u00bb0&Prime; font_family=\u00a0\u00bbMontserrat\u00a0\u00bb font_type=\u00a0\u00bbgoogle\u00a0\u00bb align=\u00a0\u00bbcenter\u00a0\u00bb]Nous voulons vous conna\u00eetre. Si vous avez un d\u00e9fi \u00e0 nous proposer, tant mieux! Nous aimons ce que nous faisons, connaissons notre secteur d\u2019activit\u00e9 et adorons mettre au point des solutions efficaces. Contactez-nous pour en savoir plus et discuter avec nous.[\/mk_fancy_title][mk_button dimension=\u00a0\u00bbflat\u00a0\u00bb size=\u00a0\u00bblarge\u00a0\u00bb url=\u00a0\u00bb\/fr\/nous-joindre\/\u00a0\u00bb align=\u00a0\u00bbcenter\u00a0\u00bb margin_top=\u00a0\u00bb15&Prime; animation=\u00a0\u00bbfade-in\u00a0\u00bb bg_color=\u00a0\u00bb#0c4b90&Prime; btn_hover_bg=\u00a0\u00bb#ffffff\u00a0\u00bb btn_hover_txt_color=\u00a0\u00bb#000000&Prime;]Contactez-nous pour explorer et discuter[\/mk_button][mk_padding_divider size=\u00a0\u00bb60&Prime;][\/vc_column][\/vc_row]\n<\/div>","protected":false},"excerpt":{"rendered":"<p>[mk_page_section bg_image=\u00a0\u00bbhttp:\/\/lrbgusa.com\/wp-content\/uploads\/molecules-opt.jpg\u00a0\u00bb bg_color=\u00a0\u00bb#000000&Prime; bg_position=\u00a0\u00bbcenter center\u00a0\u00bb bg_repeat=\u00a0\u00bbno-repeat\u00a0\u00bb bg_stretch=\u00a0\u00bbtrue\u00a0\u00bb video_color_mask=\u00a0\u00bb#073170&Prime; video_opacity=\u00a0\u00bb0.5&Prime; js_vertical_centered=\u00a0\u00bbtrue\u00a0\u00bb padding_top=\u00a0\u00bb0&Prime; padding_bottom=\u00a0\u00bb140&Prime; sidebar=\u00a0\u00bbsidebar-1&Prime;][vc_column][mk_padding_divider size=\u00a0\u00bb160&Prime; visibility=\u00a0\u00bbhidden-sm\u00a0\u00bb][mk_padding_divider size=\u00a0\u00bb50&Prime;][mk_fancy_title tag_name=\u00a0\u00bbh5&Prime; color=\u00a0\u00bb#ffffff\u00a0\u00bb size=\u00a0\u00bb24&Prime; line_height=\u00a0\u00bb99&Prime; font_weight=\u00a0\u00bb400&Prime; txt_transform=\u00a0\u00bbuppercase\u00a0\u00bb margin_bottom=\u00a0\u00bb0&Prime; font_family=\u00a0\u00bbMontserrat\u00a0\u00bb font_type=\u00a0\u00bbgoogle\u00a0\u00bb]Vous voulez collaborer avec une \u00e9quipe exp\u00e9riment\u00e9e qui prend le temps de bien faire les choses?[\/mk_fancy_title][mk_fancy_title tag_name=\u00a0\u00bbspan\u00a0\u00bb color=\u00a0\u00bb#ffffff\u00a0\u00bb size=\u00a0\u00bb46&Prime; force_font_size=\u00a0\u00bbtrue\u00a0\u00bb size_tablet=\u00a0\u00bb36&Prime; size_phone=\u00a0\u00bb30&Prime; line_height=\u00a0\u00bb95&Prime; font_weight=\u00a0\u00bbbold\u00a0\u00bb txt_transform=\u00a0\u00bbuppercase\u00a0\u00bb margin_bottom=\u00a0\u00bb0&Prime; font_family=\u00a0\u00bbMontserrat\u00a0\u00bb font_type=\u00a0\u00bbgoogle\u00a0\u00bb drop_shadow=\u00a0\u00bbtrue\u00a0\u00bb shadow_angle=\u00a0\u00bb0&Prime; shadow_distance=\u00a0\u00bb0&Prime; [&hellip;]<\/p>\n","protected":false},"author":2,"featured_media":0,"parent":0,"menu_order":0,"comment_status":"closed","ping_status":"closed","template":"","meta":{"footnotes":""},"class_list":["post-5802","page","type-page","status-publish","hentry"],"yoast_head":"<!-- This site is optimized with the Yoast SEO plugin v27.3 - https:\/\/yoast.com\/product\/yoast-seo-wordpress\/ -->\n<title>Des r\u00e9sines de qualit\u00e9 sup\u00e9rieure fabriqu\u00e9es avec exp\u00e9rience et comp\u00e9tence | LRBG Chimie<\/title>\n<meta name=\"description\" content=\"LRBG Chimie emploie un groupe de professionnels chevronn\u00e9s et de jeunes enthousiastes qui veulent vous impressionner en vous fournissant le produit parfait. Lancez-nous un d\u00e9fi; nous sommes \u00e0 la hauteur de la t\u00e2che.\" \/>\n<meta name=\"robots\" content=\"index, follow, max-snippet:-1, max-image-preview:large, max-video-preview:-1\" \/>\n<link rel=\"canonical\" href=\"https:\/\/lrbgusa.com\/fr\/notre-equipe\/\" \/>\n<meta property=\"og:locale\" content=\"fr_CA\" \/>\n<meta property=\"og:type\" content=\"article\" \/>\n<meta property=\"og:title\" content=\"Des r\u00e9sines de qualit\u00e9 sup\u00e9rieure fabriqu\u00e9es avec exp\u00e9rience et comp\u00e9tence | LRBG Chimie\" \/>\n<meta property=\"og:description\" content=\"LRBG Chimie emploie un groupe de professionnels chevronn\u00e9s et de jeunes enthousiastes qui veulent vous impressionner en vous fournissant le produit parfait. Lancez-nous un d\u00e9fi; nous sommes \u00e0 la hauteur de la t\u00e2che.\" \/>\n<meta property=\"og:url\" content=\"https:\/\/lrbgusa.com\/fr\/notre-equipe\/\" \/>\n<meta property=\"og:site_name\" content=\"LRBG Chemicals (USA) Inc.\" \/>\n<meta property=\"article:modified_time\" content=\"2024-08-23T11:59:29+00:00\" \/>\n<meta name=\"twitter:card\" content=\"summary_large_image\" \/>\n<meta name=\"twitter:label1\" content=\"Estimation du temps de lecture\" \/>\n\t<meta name=\"twitter:data1\" content=\"3 minutes\" \/>\n<script type=\"application\/ld+json\" class=\"yoast-schema-graph\">{\"@context\":\"https:\\\/\\\/schema.org\",\"@graph\":[{\"@type\":\"WebPage\",\"@id\":\"https:\\\/\\\/lrbgusa.com\\\/fr\\\/notre-equipe\\\/\",\"url\":\"https:\\\/\\\/lrbgusa.com\\\/fr\\\/notre-equipe\\\/\",\"name\":\"Des r\u00e9sines de qualit\u00e9 sup\u00e9rieure fabriqu\u00e9es avec exp\u00e9rience et comp\u00e9tence | LRBG Chimie\",\"isPartOf\":{\"@id\":\"https:\\\/\\\/lrbgusa.com\\\/fr\\\/#website\"},\"datePublished\":\"2020-03-05T14:14:47+00:00\",\"dateModified\":\"2024-08-23T11:59:29+00:00\",\"description\":\"LRBG Chimie emploie un groupe de professionnels chevronn\u00e9s et de jeunes enthousiastes qui veulent vous impressionner en vous fournissant le produit parfait. Lancez-nous un d\u00e9fi; nous sommes \u00e0 la hauteur de la t\u00e2che.\",\"breadcrumb\":{\"@id\":\"https:\\\/\\\/lrbgusa.com\\\/fr\\\/notre-equipe\\\/#breadcrumb\"},\"inLanguage\":\"fr-CA\",\"potentialAction\":[{\"@type\":\"ReadAction\",\"target\":[\"https:\\\/\\\/lrbgusa.com\\\/fr\\\/notre-equipe\\\/\"]}]},{\"@type\":\"BreadcrumbList\",\"@id\":\"https:\\\/\\\/lrbgusa.com\\\/fr\\\/notre-equipe\\\/#breadcrumb\",\"itemListElement\":[{\"@type\":\"ListItem\",\"position\":1,\"name\":\"Home\",\"item\":\"https:\\\/\\\/lrbgusa.com\\\/fr\\\/\"},{\"@type\":\"ListItem\",\"position\":2,\"name\":\"Notre \u00e9quipe\"}]},{\"@type\":\"WebSite\",\"@id\":\"https:\\\/\\\/lrbgusa.com\\\/fr\\\/#website\",\"url\":\"https:\\\/\\\/lrbgusa.com\\\/fr\\\/\",\"name\":\"LRBG Chemicals (USA) Inc.\",\"description\":\"\",\"potentialAction\":[{\"@type\":\"SearchAction\",\"target\":{\"@type\":\"EntryPoint\",\"urlTemplate\":\"https:\\\/\\\/lrbgusa.com\\\/fr\\\/?s={search_term_string}\"},\"query-input\":{\"@type\":\"PropertyValueSpecification\",\"valueRequired\":true,\"valueName\":\"search_term_string\"}}],\"inLanguage\":\"fr-CA\"}]}<\/script>\n<!-- \/ Yoast SEO plugin. -->","yoast_head_json":{"title":"Des r\u00e9sines de qualit\u00e9 sup\u00e9rieure fabriqu\u00e9es avec exp\u00e9rience et comp\u00e9tence | LRBG Chimie","description":"LRBG Chimie emploie un groupe de professionnels chevronn\u00e9s et de jeunes enthousiastes qui veulent vous impressionner en vous fournissant le produit parfait. Lancez-nous un d\u00e9fi; nous sommes \u00e0 la hauteur de la t\u00e2che.","robots":{"index":"index","follow":"follow","max-snippet":"max-snippet:-1","max-image-preview":"max-image-preview:large","max-video-preview":"max-video-preview:-1"},"canonical":"https:\/\/lrbgusa.com\/fr\/notre-equipe\/","og_locale":"fr_CA","og_type":"article","og_title":"Des r\u00e9sines de qualit\u00e9 sup\u00e9rieure fabriqu\u00e9es avec exp\u00e9rience et comp\u00e9tence | LRBG Chimie","og_description":"LRBG Chimie emploie un groupe de professionnels chevronn\u00e9s et de jeunes enthousiastes qui veulent vous impressionner en vous fournissant le produit parfait. Lancez-nous un d\u00e9fi; nous sommes \u00e0 la hauteur de la t\u00e2che.","og_url":"https:\/\/lrbgusa.com\/fr\/notre-equipe\/","og_site_name":"LRBG Chemicals (USA) Inc.","article_modified_time":"2024-08-23T11:59:29+00:00","twitter_card":"summary_large_image","twitter_misc":{"Estimation du temps de lecture":"3 minutes"},"schema":{"@context":"https:\/\/schema.org","@graph":[{"@type":"WebPage","@id":"https:\/\/lrbgusa.com\/fr\/notre-equipe\/","url":"https:\/\/lrbgusa.com\/fr\/notre-equipe\/","name":"Des r\u00e9sines de qualit\u00e9 sup\u00e9rieure fabriqu\u00e9es avec exp\u00e9rience et comp\u00e9tence | LRBG Chimie","isPartOf":{"@id":"https:\/\/lrbgusa.com\/fr\/#website"},"datePublished":"2020-03-05T14:14:47+00:00","dateModified":"2024-08-23T11:59:29+00:00","description":"LRBG Chimie emploie un groupe de professionnels chevronn\u00e9s et de jeunes enthousiastes qui veulent vous impressionner en vous fournissant le produit parfait. Lancez-nous un d\u00e9fi; nous sommes \u00e0 la hauteur de la t\u00e2che.","breadcrumb":{"@id":"https:\/\/lrbgusa.com\/fr\/notre-equipe\/#breadcrumb"},"inLanguage":"fr-CA","potentialAction":[{"@type":"ReadAction","target":["https:\/\/lrbgusa.com\/fr\/notre-equipe\/"]}]},{"@type":"BreadcrumbList","@id":"https:\/\/lrbgusa.com\/fr\/notre-equipe\/#breadcrumb","itemListElement":[{"@type":"ListItem","position":1,"name":"Home","item":"https:\/\/lrbgusa.com\/fr\/"},{"@type":"ListItem","position":2,"name":"Notre \u00e9quipe"}]},{"@type":"WebSite","@id":"https:\/\/lrbgusa.com\/fr\/#website","url":"https:\/\/lrbgusa.com\/fr\/","name":"LRBG Chemicals (USA) Inc.","description":"","potentialAction":[{"@type":"SearchAction","target":{"@type":"EntryPoint","urlTemplate":"https:\/\/lrbgusa.com\/fr\/?s={search_term_string}"},"query-input":{"@type":"PropertyValueSpecification","valueRequired":true,"valueName":"search_term_string"}}],"inLanguage":"fr-CA"}]}},"_links":{"self":[{"href":"https:\/\/lrbgusa.com\/fr\/wp-json\/wp\/v2\/pages\/5802","targetHints":{"allow":["GET"]}}],"collection":[{"href":"https:\/\/lrbgusa.com\/fr\/wp-json\/wp\/v2\/pages"}],"about":[{"href":"https:\/\/lrbgusa.com\/fr\/wp-json\/wp\/v2\/types\/page"}],"author":[{"embeddable":true,"href":"https:\/\/lrbgusa.com\/fr\/wp-json\/wp\/v2\/users\/2"}],"replies":[{"embeddable":true,"href":"https:\/\/lrbgusa.com\/fr\/wp-json\/wp\/v2\/comments?post=5802"}],"version-history":[{"count":11,"href":"https:\/\/lrbgusa.com\/fr\/wp-json\/wp\/v2\/pages\/5802\/revisions"}],"predecessor-version":[{"id":6419,"href":"https:\/\/lrbgusa.com\/fr\/wp-json\/wp\/v2\/pages\/5802\/revisions\/6419"}],"wp:attachment":[{"href":"https:\/\/lrbgusa.com\/fr\/wp-json\/wp\/v2\/media?parent=5802"}],"curies":[{"name":"wp","href":"https:\/\/api.w.org\/{rel}","templated":true}]}}